{"id":210226,"date":"2026-04-10T15:32:14","date_gmt":"2026-04-10T13:32:14","guid":{"rendered":"https:\/\/burodestruct.shop\/shop\/buero-destruct-buero-destruct-ii\/"},"modified":"2026-04-18T10:45:54","modified_gmt":"2026-04-18T08:45:54","slug":"buero-destruct-buero-destruct-ii","status":"publish","type":"product","link":"https:\/\/burodestruct.shop\/en\/shop\/buero-destruct-buero-destruct-ii\/","title":{"rendered":"B\u00fcro Destruct &#8211; B\u00fcro Destruct II"},"content":{"rendered":"<h2>&#8216;B\u00fcro Destruct II&#8217; (Pic 1) purposely follows the structure of its predecessor.<\/h2>\n<h4>The structure of &#8216;B\u00fcro Destruct II&#8217; (Regular Edition) is a deliberate continuation of its predecessor. The content offers a coherent continuation, evolution and refining of the style of B\u00fcro Destruct. A must for every creative mind! Also available as a &#8216;Limited Edition&#8217;.<\/h4>\n<p>Founded in 1994, the collective B\u00fcro Destruct is considered a pioneer and trailblazer of modern Swiss graphic design. If you try to briefly summarize the qualities of B\u00fcro Destruct, they probably lie in creating futuristic and digital-looking design solutions, which at the same time convey a sense of quality craftsmanship and relaxed cleverness.<\/p>\n<p>&nbsp;<\/p>\n<p><span class=\"value\">Publisher: Gestalten<br \/>Softcover: 226 pages, many color illustrations<br \/>Language: German\/English<br \/>Year: 2003<br \/>ISBN: 3-89955-002-1<\/span><\/p>\n","protected":false},"excerpt":{"rendered":"<h4>In terms of content, this book offers a coherent continuation, further development and refinement of the graphic style of &#8216;B\u00fcro Destruct&#8217;!<\/h4>\n<h4>.<\/h4>\n","protected":false},"featured_media":210224,"comment_status":"closed","ping_status":"closed","template":"","meta":{"_relevanssi_hide_post":"","_relevanssi_hide_content":"","_relevanssi_pin_for_all":"","_relevanssi_pin_keywords":"","_relevanssi_unpin_keywords":"","_relevanssi_related_keywords":"","_relevanssi_related_include_ids":"","_relevanssi_related_exclude_ids":"","_relevanssi_related_no_append":"","_relevanssi_related_not_related":"","_relevanssi_related_posts":"","_relevanssi_noindex_reason":""},"product_brand":[],"product_cat":[2450,2478,2480,2479,2481],"product_tag":[2485,2482,2486,2483,2484],"class_list":{"0":"post-210226","1":"product","2":"type-product","3":"status-publish","4":"has-post-thumbnail","6":"product_cat-buero-destruct","7":"product_cat-culture","8":"product_cat-graphic-design","9":"product_cat-paper","10":"product_cat-typography","11":"product_tag-destruct-office","12":"product_tag-graphic-design","13":"product_tag-rare","14":"product_tag-swiss-made","15":"product_tag-typography","17":"first","18":"instock","19":"shipping-taxable","20":"purchasable","21":"product-type-simple"},"_links":{"self":[{"href":"https:\/\/burodestruct.shop\/en\/wp-json\/wp\/v2\/product\/210226","targetHints":{"allow":["GET"]}}],"collection":[{"href":"https:\/\/burodestruct.shop\/en\/wp-json\/wp\/v2\/product"}],"about":[{"href":"https:\/\/burodestruct.shop\/en\/wp-json\/wp\/v2\/types\/product"}],"replies":[{"embeddable":true,"href":"https:\/\/burodestruct.shop\/en\/wp-json\/wp\/v2\/comments?post=210226"}],"wp:featuredmedia":[{"embeddable":true,"href":"https:\/\/burodestruct.shop\/en\/wp-json\/wp\/v2\/media\/210224"}],"wp:attachment":[{"href":"https:\/\/burodestruct.shop\/en\/wp-json\/wp\/v2\/media?parent=210226"}],"wp:term":[{"taxonomy":"product_brand","embeddable":true,"href":"https:\/\/burodestruct.shop\/en\/wp-json\/wp\/v2\/product_brand?post=210226"},{"taxonomy":"product_cat","embeddable":true,"href":"https:\/\/burodestruct.shop\/en\/wp-json\/wp\/v2\/product_cat?post=210226"},{"taxonomy":"product_tag","embeddable":true,"href":"https:\/\/burodestruct.shop\/en\/wp-json\/wp\/v2\/product_tag?post=210226"}],"curies":[{"name":"wp","href":"https:\/\/api.w.org\/{rel}","templated":true}]}}