{"id":210794,"date":"2026-04-29T19:12:53","date_gmt":"2026-04-29T17:12:53","guid":{"rendered":"https:\/\/burodestruct.shop\/?post_type=product&#038;p=210794"},"modified":"2026-04-29T19:41:26","modified_gmt":"2026-04-29T17:41:26","slug":"robert-klanten-los-logos-4","status":"publish","type":"product","link":"https:\/\/burodestruct.shop\/de\/shop\/robert-klanten-los-logos-4\/","title":{"rendered":"Robert Klanten &#8211; Los Logos 4"},"content":{"rendered":"<h2>Rare Logo-Sammlung: \u00abLos Logos 4\u00bb!<\/h2>\n<h4>Die Serie \u00abLos Logos\u00bb, ist eine der beliebtesten Serien in Sachen zeitgem\u00e4sser Logo-Designs. Diese vierte Nummer ist der bisher umfassendste Band und pr\u00e4sentiert eine Sammlung von \u00fcber 5\u2019000 Beispiele f\u00fcr stilistische Ans\u00e4tze von Designs. ACHTUNG: Diese Nummer gilt als vergriffen \u2013 nur noch wenige Exemplare an Lager!<\/h4>\n<p>Der 1995 gegr\u00fcndete Verlag \u00abGestalten\u00bb aus Berlin (GER) geh\u00f6rt zu den beliebtesten Design- und Lifestyleverlage weltweit. 2014 resultierte aus ihm zus\u00e4tzlich der Kinderbuchverlag \u00abKleine Gestalten\u00bb.<\/p>\n<p>&nbsp;<\/p>\n<p>Publisher: Gestalten<br \/>\nHardcover: 568 Seiten, viele Farbabbildungen<br \/>\nSprachen: Deutsch\/Englisch<br \/>\n<span class=\"value\">Jahrgang: 2008<br \/>\nISBN: 978-3-89955-222-5<\/span><\/p>\n","protected":false},"excerpt":{"rendered":"<h4>Bald vergriffen: \u00abLos Logos 4\u00bb!<\/h4>\n","protected":false},"featured_media":210795,"comment_status":"closed","ping_status":"closed","template":"","meta":{"_relevanssi_hide_post":"","_relevanssi_hide_content":"","_relevanssi_pin_for_all":"","_relevanssi_pin_keywords":"","_relevanssi_unpin_keywords":"","_relevanssi_related_keywords":"","_relevanssi_related_include_ids":"","_relevanssi_related_exclude_ids":"","_relevanssi_related_no_append":"","_relevanssi_related_not_related":"","_relevanssi_related_posts":"","_relevanssi_noindex_reason":""},"product_brand":[],"product_cat":[2442,2460],"product_tag":[2520,2519,2476],"class_list":{"0":"post-210794","1":"product","2":"type-product","3":"status-publish","4":"has-post-thumbnail","6":"product_cat-culture","7":"product_cat-graphic-design","8":"product_tag-gestalten","9":"product_tag-logo-design","10":"product_tag-rare","12":"first","13":"instock","14":"shipping-taxable","15":"purchasable","16":"product-type-simple"},"_links":{"self":[{"href":"https:\/\/burodestruct.shop\/de\/wp-json\/wp\/v2\/product\/210794","targetHints":{"allow":["GET"]}}],"collection":[{"href":"https:\/\/burodestruct.shop\/de\/wp-json\/wp\/v2\/product"}],"about":[{"href":"https:\/\/burodestruct.shop\/de\/wp-json\/wp\/v2\/types\/product"}],"replies":[{"embeddable":true,"href":"https:\/\/burodestruct.shop\/de\/wp-json\/wp\/v2\/comments?post=210794"}],"wp:featuredmedia":[{"embeddable":true,"href":"https:\/\/burodestruct.shop\/de\/wp-json\/wp\/v2\/media\/210795"}],"wp:attachment":[{"href":"https:\/\/burodestruct.shop\/de\/wp-json\/wp\/v2\/media?parent=210794"}],"wp:term":[{"taxonomy":"product_brand","embeddable":true,"href":"https:\/\/burodestruct.shop\/de\/wp-json\/wp\/v2\/product_brand?post=210794"},{"taxonomy":"product_cat","embeddable":true,"href":"https:\/\/burodestruct.shop\/de\/wp-json\/wp\/v2\/product_cat?post=210794"},{"taxonomy":"product_tag","embeddable":true,"href":"https:\/\/burodestruct.shop\/de\/wp-json\/wp\/v2\/product_tag?post=210794"}],"curies":[{"name":"wp","href":"https:\/\/api.w.org\/{rel}","templated":true}]}}