{"id":210792,"date":"2026-04-29T19:05:22","date_gmt":"2026-04-29T17:05:22","guid":{"rendered":"https:\/\/burodestruct.shop\/?post_type=product&#038;p=210792"},"modified":"2026-04-29T19:39:52","modified_gmt":"2026-04-29T17:39:52","slug":"robert-klanten-dos-logos","status":"publish","type":"product","link":"https:\/\/burodestruct.shop\/de\/shop\/robert-klanten-dos-logos\/","title":{"rendered":"Robert Klanten &#8211; Dos Logos"},"content":{"rendered":"<h2>\u00abDos Logos\u00bb: Der Nachfolger des Bestsellers \u00abLos Logos\u00bb!<\/h2>\n<h4>\u00abDos Logos\u00bb nennt sich der Folgeband des Bestsellers \u00abLos Logos\u00bb und bietet ein sattes Update an neuen, zeitgem\u00e4ssen Logos aus aller Welt. Neben einer noch gr\u00f6sseren Bandbreite an Beispielen, behandelt dieses Buch auch ungew\u00f6hnliche Anwendungen von Logos auf Bekleidung, Geb\u00e4udefassaden oder Leuchtreklame. Ein gelungener Nachfolger! ACHTUNG: Diese Nummer gilt als vergriffen \u2013 nur noch wenige Exemplare an Lager!<\/h4>\n<p>Der 1995 gegr\u00fcndete Verlag \u00abGestalten\u00bb aus Berlin (GER) geh\u00f6rt zu den beliebtesten Design- und Lifestyleverlage weltweit. 2014 resultierte aus ihm zus\u00e4tzlich der Kinderbuchverlag \u00abKleine Gestalten\u00bb.<\/p>\n<p>&nbsp;<\/p>\n<p><span class=\"value\">Publisher: Gestalten<br \/>\nHardcover: 444 Seiten, viele Farbabbildungen<br \/>\nSprache: Englisch<br \/>\nJahrgang: 2004<br \/>\nISBN: 978-3-89955-055-9<\/span><\/p>\n","protected":false},"excerpt":{"rendered":"<p>Der Nachfolger des Bestsellers!<\/p>\n","protected":false},"featured_media":210793,"comment_status":"closed","ping_status":"closed","template":"","meta":{"_relevanssi_hide_post":"","_relevanssi_hide_content":"","_relevanssi_pin_for_all":"","_relevanssi_pin_keywords":"","_relevanssi_unpin_keywords":"","_relevanssi_related_keywords":"","_relevanssi_related_include_ids":"","_relevanssi_related_exclude_ids":"","_relevanssi_related_no_append":"","_relevanssi_related_not_related":"","_relevanssi_related_posts":"","_relevanssi_noindex_reason":""},"product_brand":[],"product_cat":[2442,2460],"product_tag":[2519,2476],"class_list":{"0":"post-210792","1":"product","2":"type-product","3":"status-publish","4":"has-post-thumbnail","6":"product_cat-culture","7":"product_cat-graphic-design","8":"product_tag-logo-design","9":"product_tag-rare","11":"first","12":"instock","13":"shipping-taxable","14":"purchasable","15":"product-type-simple"},"_links":{"self":[{"href":"https:\/\/burodestruct.shop\/de\/wp-json\/wp\/v2\/product\/210792","targetHints":{"allow":["GET"]}}],"collection":[{"href":"https:\/\/burodestruct.shop\/de\/wp-json\/wp\/v2\/product"}],"about":[{"href":"https:\/\/burodestruct.shop\/de\/wp-json\/wp\/v2\/types\/product"}],"replies":[{"embeddable":true,"href":"https:\/\/burodestruct.shop\/de\/wp-json\/wp\/v2\/comments?post=210792"}],"wp:featuredmedia":[{"embeddable":true,"href":"https:\/\/burodestruct.shop\/de\/wp-json\/wp\/v2\/media\/210793"}],"wp:attachment":[{"href":"https:\/\/burodestruct.shop\/de\/wp-json\/wp\/v2\/media?parent=210792"}],"wp:term":[{"taxonomy":"product_brand","embeddable":true,"href":"https:\/\/burodestruct.shop\/de\/wp-json\/wp\/v2\/product_brand?post=210792"},{"taxonomy":"product_cat","embeddable":true,"href":"https:\/\/burodestruct.shop\/de\/wp-json\/wp\/v2\/product_cat?post=210792"},{"taxonomy":"product_tag","embeddable":true,"href":"https:\/\/burodestruct.shop\/de\/wp-json\/wp\/v2\/product_tag?post=210792"}],"curies":[{"name":"wp","href":"https:\/\/api.w.org\/{rel}","templated":true}]}}