{"id":210745,"date":"2026-04-29T17:16:05","date_gmt":"2026-04-29T15:16:05","guid":{"rendered":"https:\/\/burodestruct.shop\/?post_type=product&#038;p=210745"},"modified":"2026-04-29T17:16:06","modified_gmt":"2026-04-29T15:16:06","slug":"buero-destruct-tribler-mummy-poster","status":"publish","type":"product","link":"https:\/\/burodestruct.shop\/de\/shop\/buero-destruct-tribler-mummy-poster\/","title":{"rendered":"B\u00fcro Destruct &#8211; Tribler Mummy Poster"},"content":{"rendered":"<h2>Poster \u00abTribler Mummy\u00bb (Serigraphie, B1) von B\u00fcro Destruct!<\/h2>\n<h4>Glu\u0308ck hat, wer mit \u00abTribler Mummy\u00bb auf weite Reisen geht, k\u00f6nnte man meinen. Denn mit Mummy hat man immer genug Wasser zum trinken. Wo er auftaucht, verwandelt sich alles in ein unendliches Tr\u00e4nenmeer. Poster \u00abTribler Mummy\u00bb, Masse: 700 mm x 1000 mm (B1), Siebdruck (Serigraphie), designed von B\u00fcro Destruct und gedruckt bei Uldry.<\/h4>\n<p>Das 1994 gegr\u00fcndete Kollektiv B\u00fcro Destruct gilt als Vor- und Wegbereiter des modernen Schweizer Grafik Designs. Versucht man die Qualit\u00e4ten von B\u00fcro Destruct kurz zusammenzufassen, so liegen sie wohl darin, futuristisch und digital anmutende Gestaltungsl\u00f6sungen zu schaffen, welche gleichzeitig handwerkliche Qualit\u00e4t und entspannte Cleverness sp\u00fcren lassen.<\/p>\n","protected":false},"excerpt":{"rendered":"<h4>Poster aus der Serie \u00abTribler\u00bb des gleichnamigen Buchs von B\u00fcro Destruct!<\/h4>\n","protected":false},"featured_media":210747,"comment_status":"closed","ping_status":"closed","template":"","meta":{"_relevanssi_hide_post":"","_relevanssi_hide_content":"","_relevanssi_pin_for_all":"","_relevanssi_pin_keywords":"","_relevanssi_unpin_keywords":"","_relevanssi_related_keywords":"","_relevanssi_related_include_ids":"","_relevanssi_related_exclude_ids":"","_relevanssi_related_no_append":"","_relevanssi_related_not_related":"","_relevanssi_related_posts":"","_relevanssi_noindex_reason":""},"product_brand":[],"product_cat":[2441,2442,2460,2443,2453,2468,2465],"product_tag":[2475,2518],"class_list":{"0":"post-210745","1":"product","2":"type-product","3":"status-publish","4":"has-post-thumbnail","6":"product_cat-buero-destruct","7":"product_cat-culture","8":"product_cat-graphic-design","9":"product_cat-lifestyle","10":"product_cat-paper","11":"product_cat-stay-away","12":"product_cat-typography","13":"product_tag-buero-destruct","14":"product_tag-serigraphie-uldry","16":"first","17":"instock","18":"shipping-taxable","19":"purchasable","20":"product-type-simple"},"_links":{"self":[{"href":"https:\/\/burodestruct.shop\/de\/wp-json\/wp\/v2\/product\/210745","targetHints":{"allow":["GET"]}}],"collection":[{"href":"https:\/\/burodestruct.shop\/de\/wp-json\/wp\/v2\/product"}],"about":[{"href":"https:\/\/burodestruct.shop\/de\/wp-json\/wp\/v2\/types\/product"}],"replies":[{"embeddable":true,"href":"https:\/\/burodestruct.shop\/de\/wp-json\/wp\/v2\/comments?post=210745"}],"wp:featuredmedia":[{"embeddable":true,"href":"https:\/\/burodestruct.shop\/de\/wp-json\/wp\/v2\/media\/210747"}],"wp:attachment":[{"href":"https:\/\/burodestruct.shop\/de\/wp-json\/wp\/v2\/media?parent=210745"}],"wp:term":[{"taxonomy":"product_brand","embeddable":true,"href":"https:\/\/burodestruct.shop\/de\/wp-json\/wp\/v2\/product_brand?post=210745"},{"taxonomy":"product_cat","embeddable":true,"href":"https:\/\/burodestruct.shop\/de\/wp-json\/wp\/v2\/product_cat?post=210745"},{"taxonomy":"product_tag","embeddable":true,"href":"https:\/\/burodestruct.shop\/de\/wp-json\/wp\/v2\/product_tag?post=210745"}],"curies":[{"name":"wp","href":"https:\/\/api.w.org\/{rel}","templated":true}]}}