{"id":210716,"date":"2026-04-29T15:52:04","date_gmt":"2026-04-29T13:52:04","guid":{"rendered":"https:\/\/burodestruct.shop\/?post_type=product&#038;p=210716"},"modified":"2026-04-30T15:42:09","modified_gmt":"2026-04-30T13:42:09","slug":"buero-destruct-bd-kickrom-mono-font-rub-on-letraset","status":"publish","type":"product","link":"https:\/\/burodestruct.shop\/de\/shop\/buero-destruct-bd-kickrom-mono-font-rub-on-letraset\/","title":{"rendered":"B\u00fcro Destruct &#8211; BD Kickrom Mono Font Rub On (Letraset)"},"content":{"rendered":"<h2>Vergiss \u00abOpen Type\u00bb \u2013 hier kommt \u00abLetraset\u00bb: Die \u00abTypedifferent Rub Ons\u00bb von B\u00fcro Destruct!<\/h2>\n<h4>Seit 1995 ver\u00f6ffentlicht B\u00fcro Destruct seine Display- und Logotyp-Schriften auf typedifferent.com. Folgende Schriftarten (BD Fonts) sind als \u00abTypedifferent Rub Ons\u00bb (Letraset) erh\u00e4ltlich: BD Aubergin, BD Roylac, BDR Mono, BD Barbeaux Numerique, BD Kickrom Mono und BD Unicorse. Streng limitiert: Pro Schriftart\/Bogen existieren nur 10 Exemplare. Gr\u00f6\u00dfe: 17 \u00d7 25.4 cm. Hergestellt auf einer historischen Letraset-Produktionsmaschine, gedruckt in Deutschland. Hier hast Du den Bogen mit der Schriftart \u00abBD Kickrom Mono\u00bb gew\u00e4hlt.<\/h4>\n<p>Das 1994 gegr\u00fcndete Kollektiv B\u00fcro Destruct gilt als Vor- und Wegbereiter des modernen Schweizer Grafik Designs. Versucht man die Qualit\u00e4ten von B\u00fcro Destruct kurz zusammenzufassen, so liegen sie wohl darin, futuristisch und digital anmutende Gestaltungsl\u00f6sungen zu schaffen, welche gleichzeitig handwerkliche Qualit\u00e4t und entspannte Cleverness sp\u00fcren lassen.<\/p>\n","protected":false},"excerpt":{"rendered":"<h4>\u00abBD Fonts\u00bb (Schrifttypen) als \u00abTypedifferent Rub Ons\u00bb (Letraset)!<\/h4>\n","protected":false},"featured_media":210717,"comment_status":"closed","ping_status":"closed","template":"","meta":{"_relevanssi_hide_post":"","_relevanssi_hide_content":"","_relevanssi_pin_for_all":"","_relevanssi_pin_keywords":"","_relevanssi_unpin_keywords":"","_relevanssi_related_keywords":"","_relevanssi_related_include_ids":"","_relevanssi_related_exclude_ids":"","_relevanssi_related_no_append":"","_relevanssi_related_not_related":"","_relevanssi_related_posts":"","_relevanssi_noindex_reason":""},"product_brand":[],"product_cat":[2441,2442,2460,2443,2453,2470,2468,2465],"product_tag":[2475,2517,2474],"class_list":{"0":"post-210716","1":"product","2":"type-product","3":"status-publish","4":"has-post-thumbnail","6":"product_cat-buero-destruct","7":"product_cat-culture","8":"product_cat-graphic-design","9":"product_cat-lifestyle","10":"product_cat-paper","11":"product_cat-stationary","12":"product_cat-stay-away","13":"product_cat-typography","14":"product_tag-buero-destruct","15":"product_tag-typedifferent-com","16":"product_tag-typography","18":"first","19":"instock","20":"shipping-taxable","21":"purchasable","22":"product-type-simple"},"_links":{"self":[{"href":"https:\/\/burodestruct.shop\/de\/wp-json\/wp\/v2\/product\/210716","targetHints":{"allow":["GET"]}}],"collection":[{"href":"https:\/\/burodestruct.shop\/de\/wp-json\/wp\/v2\/product"}],"about":[{"href":"https:\/\/burodestruct.shop\/de\/wp-json\/wp\/v2\/types\/product"}],"replies":[{"embeddable":true,"href":"https:\/\/burodestruct.shop\/de\/wp-json\/wp\/v2\/comments?post=210716"}],"wp:featuredmedia":[{"embeddable":true,"href":"https:\/\/burodestruct.shop\/de\/wp-json\/wp\/v2\/media\/210717"}],"wp:attachment":[{"href":"https:\/\/burodestruct.shop\/de\/wp-json\/wp\/v2\/media?parent=210716"}],"wp:term":[{"taxonomy":"product_brand","embeddable":true,"href":"https:\/\/burodestruct.shop\/de\/wp-json\/wp\/v2\/product_brand?post=210716"},{"taxonomy":"product_cat","embeddable":true,"href":"https:\/\/burodestruct.shop\/de\/wp-json\/wp\/v2\/product_cat?post=210716"},{"taxonomy":"product_tag","embeddable":true,"href":"https:\/\/burodestruct.shop\/de\/wp-json\/wp\/v2\/product_tag?post=210716"}],"curies":[{"name":"wp","href":"https:\/\/api.w.org\/{rel}","templated":true}]}}