{"id":210684,"date":"2026-04-29T13:53:12","date_gmt":"2026-04-29T11:53:12","guid":{"rendered":"https:\/\/burodestruct.shop\/?post_type=product&#038;p=210684"},"modified":"2026-04-30T15:48:58","modified_gmt":"2026-04-30T13:48:58","slug":"buero-destruct-bd-sketchbooklet-pitch","status":"publish","type":"product","link":"https:\/\/burodestruct.shop\/de\/shop\/buero-destruct-bd-sketchbooklet-pitch\/","title":{"rendered":"B\u00fcro Destruct &#8211; BD Sketchbooklet Pitch"},"content":{"rendered":"<h2>It&#8217;s not a Sketchbook &#8211; It&#8217;s a Sketchbooklet: \u00abBD Sketchbooklet Pitch\u00bb von \u00abB\u00fcro Destruct\u00bb!<\/h2>\n<h4>Die Form und die Eigenschaften der \u00abBD Sketchbooklets\u00bb entsprechen genau den Bed\u00fcrfnissen, die sich das Schweizer Grafikdesignstudio B\u00fcro Destruct in \u00fcber zwanzig Jahren beim Skizzieren schon immer w\u00fcnschte. Es ist erh\u00e4ltlich in drei verschiedenen Umschlagfarben. Besonders geeignet f\u00fcr Fineliner, Bleistift und Kugelschreiber. FSC &amp; Blauer Engel zertifiziert! \u00abBD Sketchbooklet Pitch\u00bb, 48 blanke Seiten (grauweiss), 100 g\/m2 umweltfreundliches Papier, 12,5 x 18 cm (Portr\u00e4t). Design von B\u00fcro Destruct, produziert in der Schweiz.<\/h4>\n<p>Das 1994 gegr\u00fcndete Kollektiv B\u00fcro Destruct gilt als Vor- und Wegbereiter des modernen Schweizer Grafik Designs. Versucht man die Qualit\u00e4ten von B\u00fcro Destruct kurz zusammenzufassen, so liegen sie wohl darin, futuristisch und digital anmutende Gestaltungsl\u00f6sungen zu schaffen, welche gleichzeitig handwerkliche Qualit\u00e4t und entspannte Cleverness sp\u00fcren lassen.<\/p>\n","protected":false},"excerpt":{"rendered":"<h4>\u00abBD Sketchbooklet Pitch\u00bb von B\u00fcro Destruct!<\/h4>\n","protected":false},"featured_media":210685,"comment_status":"closed","ping_status":"closed","template":"","meta":{"_relevanssi_hide_post":"","_relevanssi_hide_content":"","_relevanssi_pin_for_all":"","_relevanssi_pin_keywords":"","_relevanssi_unpin_keywords":"","_relevanssi_related_keywords":"","_relevanssi_related_include_ids":"","_relevanssi_related_exclude_ids":"","_relevanssi_related_no_append":"","_relevanssi_related_not_related":"","_relevanssi_related_posts":"","_relevanssi_noindex_reason":""},"product_brand":[],"product_cat":[2441,2443,2454,2453,2470],"product_tag":[2475,2452],"class_list":{"0":"post-210684","1":"product","2":"type-product","3":"status-publish","4":"has-post-thumbnail","6":"product_cat-buero-destruct","7":"product_cat-lifestyle","8":"product_cat-merch","9":"product_cat-paper","10":"product_cat-stationary","11":"product_tag-buero-destruct","12":"product_tag-swiss-made","14":"first","15":"instock","16":"shipping-taxable","17":"purchasable","18":"product-type-simple"},"_links":{"self":[{"href":"https:\/\/burodestruct.shop\/de\/wp-json\/wp\/v2\/product\/210684","targetHints":{"allow":["GET"]}}],"collection":[{"href":"https:\/\/burodestruct.shop\/de\/wp-json\/wp\/v2\/product"}],"about":[{"href":"https:\/\/burodestruct.shop\/de\/wp-json\/wp\/v2\/types\/product"}],"replies":[{"embeddable":true,"href":"https:\/\/burodestruct.shop\/de\/wp-json\/wp\/v2\/comments?post=210684"}],"wp:featuredmedia":[{"embeddable":true,"href":"https:\/\/burodestruct.shop\/de\/wp-json\/wp\/v2\/media\/210685"}],"wp:attachment":[{"href":"https:\/\/burodestruct.shop\/de\/wp-json\/wp\/v2\/media?parent=210684"}],"wp:term":[{"taxonomy":"product_brand","embeddable":true,"href":"https:\/\/burodestruct.shop\/de\/wp-json\/wp\/v2\/product_brand?post=210684"},{"taxonomy":"product_cat","embeddable":true,"href":"https:\/\/burodestruct.shop\/de\/wp-json\/wp\/v2\/product_cat?post=210684"},{"taxonomy":"product_tag","embeddable":true,"href":"https:\/\/burodestruct.shop\/de\/wp-json\/wp\/v2\/product_tag?post=210684"}],"curies":[{"name":"wp","href":"https:\/\/api.w.org\/{rel}","templated":true}]}}