{"id":210672,"date":"2026-04-29T13:25:45","date_gmt":"2026-04-29T11:25:45","guid":{"rendered":"https:\/\/burodestruct.shop\/?post_type=product&#038;p=210672"},"modified":"2026-04-29T13:38:51","modified_gmt":"2026-04-29T11:38:51","slug":"buero-destruct-bd-seabag-enduro-red-2021","status":"publish","type":"product","link":"https:\/\/burodestruct.shop\/de\/shop\/buero-destruct-bd-seabag-enduro-red-2021\/","title":{"rendered":"B\u00fcro Destruct &#8211; BD Seabag Enduro Red 2021"},"content":{"rendered":"<h2>The \u00abSeabag Edition\u00bb by B\u00fcro Destruct is available now! 100% Watergroove!<\/h2>\n<h4>Schwimmsack \u00abEnduro Rot\u00bb, 2021. Robust und wasserfest, Rollverschluss mit Alukarabiner, Masse: ca. 250 mm x 550 mm, 1-farbiger Siebdruck, Farbe: Schwarz auf Rot, Design von B\u00fcro Destruct und produziert von Kitchener. Limitierte Auflage (und in der Regel rasch vergriffen)!<\/h4>\n<p>Das 1994 gegr\u00fcndete Kollektiv B\u00fcro Destruct gilt als Vor- und Wegbereiter des modernen Schweizer Grafik Designs. Versucht man die Qualit\u00e4ten von B\u00fcro Destruct kurz zusammenzufassen, so liegen sie wohl darin, futuristisch und digital anmutende Gestaltungsl\u00f6sungen zu schaffen, welche gleichzeitig handwerkliche Qualit\u00e4t und entspannte Cleverness sp\u00fcren lassen.<\/p>\n","protected":false},"excerpt":{"rendered":"<h4>Robust und wasserfest: \u00abBD Seabag Enduro Red\u00bb!<\/h4>\n","protected":false},"featured_media":210673,"comment_status":"closed","ping_status":"closed","template":"","meta":{"_relevanssi_hide_post":"","_relevanssi_hide_content":"","_relevanssi_pin_for_all":"","_relevanssi_pin_keywords":"","_relevanssi_unpin_keywords":"","_relevanssi_related_keywords":"","_relevanssi_related_include_ids":"","_relevanssi_related_exclude_ids":"","_relevanssi_related_no_append":"","_relevanssi_related_not_related":"","_relevanssi_related_posts":"","_relevanssi_noindex_reason":""},"product_brand":[],"product_cat":[2466,2441,2443,2468,2455],"product_tag":[2475,2487],"class_list":{"0":"post-210672","1":"product","2":"type-product","3":"status-publish","4":"has-post-thumbnail","6":"product_cat-apparel","7":"product_cat-buero-destruct","8":"product_cat-lifestyle","9":"product_cat-stay-away","10":"product_cat-textile","11":"product_tag-buero-destruct","12":"product_tag-maare","14":"first","15":"instock","16":"shipping-taxable","17":"purchasable","18":"product-type-simple"},"_links":{"self":[{"href":"https:\/\/burodestruct.shop\/de\/wp-json\/wp\/v2\/product\/210672","targetHints":{"allow":["GET"]}}],"collection":[{"href":"https:\/\/burodestruct.shop\/de\/wp-json\/wp\/v2\/product"}],"about":[{"href":"https:\/\/burodestruct.shop\/de\/wp-json\/wp\/v2\/types\/product"}],"replies":[{"embeddable":true,"href":"https:\/\/burodestruct.shop\/de\/wp-json\/wp\/v2\/comments?post=210672"}],"wp:featuredmedia":[{"embeddable":true,"href":"https:\/\/burodestruct.shop\/de\/wp-json\/wp\/v2\/media\/210673"}],"wp:attachment":[{"href":"https:\/\/burodestruct.shop\/de\/wp-json\/wp\/v2\/media?parent=210672"}],"wp:term":[{"taxonomy":"product_brand","embeddable":true,"href":"https:\/\/burodestruct.shop\/de\/wp-json\/wp\/v2\/product_brand?post=210672"},{"taxonomy":"product_cat","embeddable":true,"href":"https:\/\/burodestruct.shop\/de\/wp-json\/wp\/v2\/product_cat?post=210672"},{"taxonomy":"product_tag","embeddable":true,"href":"https:\/\/burodestruct.shop\/de\/wp-json\/wp\/v2\/product_tag?post=210672"}],"curies":[{"name":"wp","href":"https:\/\/api.w.org\/{rel}","templated":true}]}}