{"id":210624,"date":"2026-04-29T10:34:55","date_gmt":"2026-04-29T08:34:55","guid":{"rendered":"https:\/\/burodestruct.shop\/?post_type=product&#038;p=210624"},"modified":"2026-04-29T10:34:55","modified_gmt":"2026-04-29T08:34:55","slug":"buero-destruct-bd-rgb-bd-smelly-inflatable-double-pack","status":"publish","type":"product","link":"https:\/\/burodestruct.shop\/de\/shop\/buero-destruct-bd-rgb-bd-smelly-inflatable-double-pack\/","title":{"rendered":"B\u00fcro Destruct &#8211; BD RGB &amp; BD Smelly (Inflatable Double Pack)"},"content":{"rendered":"<h2>Die aufblasbare Puppen \u00abRGB\u00bb und \u00abSmelly\u00bb von B\u00fcro Destruct im preiswerten Duopack!<\/h2>\n<h4>Die beiden aufblasbearen Puppen \u00abRGB\u00bb und \u00abSmelly\u00bb von B\u00fcro Destruct im preiswerten Duopack! Reparatur-Kit inklusive. Wird ohne Luft geliefert.<\/h4>\n<p>Das 1994 gegr\u00fcndete Kollektiv B\u00fcro Destruct gilt als Vor- und Wegbereiter des modernen Schweizer Grafik Designs. Versucht man die Qualit\u00e4ten von B\u00fcro Destruct kurz zusammenzufassen, so liegen sie wohl darin, futuristisch und digital anmutende Gestaltungsl\u00f6sungen zu schaffen, welche gleichzeitig handwerkliche Qualit\u00e4t und entspannte Cleverness sp\u00fcren lassen.<\/p>\n","protected":false},"excerpt":{"rendered":"<h4>B\u00fcro Destructs \u00abInflatable Double Pack\u00bb (RGB und Smelly), Reparatur-Kit inklusive!<\/h4>\n","protected":false},"featured_media":210625,"comment_status":"closed","ping_status":"closed","template":"","meta":{"_relevanssi_hide_post":"","_relevanssi_hide_content":"","_relevanssi_pin_for_all":"","_relevanssi_pin_keywords":"","_relevanssi_unpin_keywords":"","_relevanssi_related_keywords":"","_relevanssi_related_include_ids":"","_relevanssi_related_exclude_ids":"","_relevanssi_related_no_append":"","_relevanssi_related_not_related":"","_relevanssi_related_posts":"","_relevanssi_noindex_reason":""},"product_brand":[],"product_cat":[2441,2442,2469,2443,2454,2471,2468,2464,2445],"product_tag":[2475,2516],"class_list":{"0":"post-210624","1":"product","2":"type-product","3":"status-publish","4":"has-post-thumbnail","6":"product_cat-buero-destruct","7":"product_cat-culture","8":"product_cat-kids-corner","9":"product_cat-lifestyle","10":"product_cat-merch","11":"product_cat-sale","12":"product_cat-stay-away","13":"product_cat-toys-plushes","14":"product_cat-vintage-sale","15":"product_tag-buero-destruct","16":"product_tag-character-design","18":"first","19":"instock","20":"shipping-taxable","21":"purchasable","22":"product-type-simple"},"_links":{"self":[{"href":"https:\/\/burodestruct.shop\/de\/wp-json\/wp\/v2\/product\/210624","targetHints":{"allow":["GET"]}}],"collection":[{"href":"https:\/\/burodestruct.shop\/de\/wp-json\/wp\/v2\/product"}],"about":[{"href":"https:\/\/burodestruct.shop\/de\/wp-json\/wp\/v2\/types\/product"}],"replies":[{"embeddable":true,"href":"https:\/\/burodestruct.shop\/de\/wp-json\/wp\/v2\/comments?post=210624"}],"wp:featuredmedia":[{"embeddable":true,"href":"https:\/\/burodestruct.shop\/de\/wp-json\/wp\/v2\/media\/210625"}],"wp:attachment":[{"href":"https:\/\/burodestruct.shop\/de\/wp-json\/wp\/v2\/media?parent=210624"}],"wp:term":[{"taxonomy":"product_brand","embeddable":true,"href":"https:\/\/burodestruct.shop\/de\/wp-json\/wp\/v2\/product_brand?post=210624"},{"taxonomy":"product_cat","embeddable":true,"href":"https:\/\/burodestruct.shop\/de\/wp-json\/wp\/v2\/product_cat?post=210624"},{"taxonomy":"product_tag","embeddable":true,"href":"https:\/\/burodestruct.shop\/de\/wp-json\/wp\/v2\/product_tag?post=210624"}],"curies":[{"name":"wp","href":"https:\/\/api.w.org\/{rel}","templated":true}]}}