{"id":210622,"date":"2026-04-29T10:26:05","date_gmt":"2026-04-29T08:26:05","guid":{"rendered":"https:\/\/burodestruct.shop\/?post_type=product&#038;p=210622"},"modified":"2026-04-29T14:24:23","modified_gmt":"2026-04-29T12:24:23","slug":"buero-destruct-bd-rgb-inflatable","status":"publish","type":"product","link":"https:\/\/burodestruct.shop\/de\/shop\/buero-destruct-bd-rgb-inflatable\/","title":{"rendered":"B\u00fcro Destruct &#8211; BD RGB (Inflatable)"},"content":{"rendered":"<h2>B\u00fcro Destructs aufblasbare Puppe \u00abRGB\u00bb!<\/h2>\n<h4>Das mystisch anmutende Einhorn \u00abRGB\u00bb von B\u00fcro Destruct bringt die Farbe in die Filmwelt! Vielleicht wurde es deshalb zum Maskottchen des Videofestivals in der Dampfzentrale Bern? Aufblasbare Puppe \u00abRGB\u00bb, Reparatur-Kit inklusive. Wird ohne Luft geliefert. Dimensionen (aufgeblasen): H\u00f6he: 31 cm, Breite: 75 cm, Tiefe: 21 cm.<\/h4>\n<p>Das 1994 gegr\u00fcndete Kollektiv B\u00fcro Destruct gilt als Vor- und Wegbereiter des modernen Schweizer Grafik Designs. Versucht man die Qualit\u00e4ten von B\u00fcro Destruct kurz zusammenzufassen, so liegen sie wohl darin, futuristisch und digital anmutende Gestaltungsl\u00f6sungen zu schaffen, welche gleichzeitig handwerkliche Qualit\u00e4t und entspannte Cleverness sp\u00fcren lassen.<\/p>\n","protected":false},"excerpt":{"rendered":"<h4>B\u00fcro Destructs Inflatable \u00abRGB\u00bb, Reparatur-Kit inklusive!<\/h4>\n","protected":false},"featured_media":210623,"comment_status":"closed","ping_status":"closed","template":"","meta":{"_relevanssi_hide_post":"","_relevanssi_hide_content":"","_relevanssi_pin_for_all":"","_relevanssi_pin_keywords":"","_relevanssi_unpin_keywords":"","_relevanssi_related_keywords":"","_relevanssi_related_include_ids":"","_relevanssi_related_exclude_ids":"","_relevanssi_related_no_append":"","_relevanssi_related_not_related":"","_relevanssi_related_posts":"","_relevanssi_noindex_reason":""},"product_brand":[],"product_cat":[2441,2442,2469,2443,2454,2468,2464],"product_tag":[2475,2516],"class_list":{"0":"post-210622","1":"product","2":"type-product","3":"status-publish","4":"has-post-thumbnail","6":"product_cat-buero-destruct","7":"product_cat-culture","8":"product_cat-kids-corner","9":"product_cat-lifestyle","10":"product_cat-merch","11":"product_cat-stay-away","12":"product_cat-toys-plushes","13":"product_tag-buero-destruct","14":"product_tag-character-design","16":"first","17":"instock","18":"shipping-taxable","19":"purchasable","20":"product-type-simple"},"_links":{"self":[{"href":"https:\/\/burodestruct.shop\/de\/wp-json\/wp\/v2\/product\/210622","targetHints":{"allow":["GET"]}}],"collection":[{"href":"https:\/\/burodestruct.shop\/de\/wp-json\/wp\/v2\/product"}],"about":[{"href":"https:\/\/burodestruct.shop\/de\/wp-json\/wp\/v2\/types\/product"}],"replies":[{"embeddable":true,"href":"https:\/\/burodestruct.shop\/de\/wp-json\/wp\/v2\/comments?post=210622"}],"wp:featuredmedia":[{"embeddable":true,"href":"https:\/\/burodestruct.shop\/de\/wp-json\/wp\/v2\/media\/210623"}],"wp:attachment":[{"href":"https:\/\/burodestruct.shop\/de\/wp-json\/wp\/v2\/media?parent=210622"}],"wp:term":[{"taxonomy":"product_brand","embeddable":true,"href":"https:\/\/burodestruct.shop\/de\/wp-json\/wp\/v2\/product_brand?post=210622"},{"taxonomy":"product_cat","embeddable":true,"href":"https:\/\/burodestruct.shop\/de\/wp-json\/wp\/v2\/product_cat?post=210622"},{"taxonomy":"product_tag","embeddable":true,"href":"https:\/\/burodestruct.shop\/de\/wp-json\/wp\/v2\/product_tag?post=210622"}],"curies":[{"name":"wp","href":"https:\/\/api.w.org\/{rel}","templated":true}]}}