{"id":210619,"date":"2026-04-29T10:19:45","date_gmt":"2026-04-29T08:19:45","guid":{"rendered":"https:\/\/burodestruct.shop\/?post_type=product&#038;p=210619"},"modified":"2026-04-29T14:15:19","modified_gmt":"2026-04-29T12:15:19","slug":"buero-destruct-bd-smelly-inflatable","status":"publish","type":"product","link":"https:\/\/burodestruct.shop\/de\/shop\/buero-destruct-bd-smelly-inflatable\/","title":{"rendered":"B\u00fcro Destruct &#8211; BD Smelly (Inflatable)"},"content":{"rendered":"<h2>Aufblasbare Puppe des B\u00fcro Destruct Maskottchens \u00abSmelly\u00bb!<\/h2>\n<h4>Das Stinktier \u00abSmelly\u00bb ist sowas wie das Maskottchen von B\u00fcro Destruct. Aufgrund der K\u00f6rperpflege ist es zu empfehlen, Smelly ab und zu ins Freibad oder zumindest in die Dusche mitzunehmen! Aufblasbare Puppe \u00abSmelly\u00bb, Reparatur-Kit inklusive. Wird ohne Luft geliefert. Dimensionen (aufgeblasen): H\u00f6he: 31 cm, Breite: 75 cm, Tiefe: 21 cm.<\/h4>\n<p>Das 1994 gegr\u00fcndete Kollektiv B\u00fcro Destruct gilt als Vor- und Wegbereiter des modernen Schweizer Grafik Designs. Versucht man die Qualit\u00e4ten von B\u00fcro Destruct kurz zusammenzufassen, so liegen sie wohl darin, futuristisch und digital anmutende Gestaltungsl\u00f6sungen zu schaffen, welche gleichzeitig handwerkliche Qualit\u00e4t und entspannte Cleverness sp\u00fcren lassen.<\/p>\n","protected":false},"excerpt":{"rendered":"<h4>B\u00fcro Destructs Inflatable \u00abSmelly\u00bb, Reparatur-Kit inklusive!<\/h4>\n","protected":false},"featured_media":210620,"comment_status":"closed","ping_status":"closed","template":"","meta":{"_relevanssi_hide_post":"","_relevanssi_hide_content":"","_relevanssi_pin_for_all":"","_relevanssi_pin_keywords":"","_relevanssi_unpin_keywords":"","_relevanssi_related_keywords":"","_relevanssi_related_include_ids":"","_relevanssi_related_exclude_ids":"","_relevanssi_related_no_append":"","_relevanssi_related_not_related":"","_relevanssi_related_posts":"","_relevanssi_noindex_reason":""},"product_brand":[],"product_cat":[2441,2442,2469,2443,2454,2468,2464],"product_tag":[2475,2516],"class_list":{"0":"post-210619","1":"product","2":"type-product","3":"status-publish","4":"has-post-thumbnail","6":"product_cat-buero-destruct","7":"product_cat-culture","8":"product_cat-kids-corner","9":"product_cat-lifestyle","10":"product_cat-merch","11":"product_cat-stay-away","12":"product_cat-toys-plushes","13":"product_tag-buero-destruct","14":"product_tag-character-design","16":"first","17":"instock","18":"shipping-taxable","19":"purchasable","20":"product-type-simple"},"_links":{"self":[{"href":"https:\/\/burodestruct.shop\/de\/wp-json\/wp\/v2\/product\/210619","targetHints":{"allow":["GET"]}}],"collection":[{"href":"https:\/\/burodestruct.shop\/de\/wp-json\/wp\/v2\/product"}],"about":[{"href":"https:\/\/burodestruct.shop\/de\/wp-json\/wp\/v2\/types\/product"}],"replies":[{"embeddable":true,"href":"https:\/\/burodestruct.shop\/de\/wp-json\/wp\/v2\/comments?post=210619"}],"wp:featuredmedia":[{"embeddable":true,"href":"https:\/\/burodestruct.shop\/de\/wp-json\/wp\/v2\/media\/210620"}],"wp:attachment":[{"href":"https:\/\/burodestruct.shop\/de\/wp-json\/wp\/v2\/media?parent=210619"}],"wp:term":[{"taxonomy":"product_brand","embeddable":true,"href":"https:\/\/burodestruct.shop\/de\/wp-json\/wp\/v2\/product_brand?post=210619"},{"taxonomy":"product_cat","embeddable":true,"href":"https:\/\/burodestruct.shop\/de\/wp-json\/wp\/v2\/product_cat?post=210619"},{"taxonomy":"product_tag","embeddable":true,"href":"https:\/\/burodestruct.shop\/de\/wp-json\/wp\/v2\/product_tag?post=210619"}],"curies":[{"name":"wp","href":"https:\/\/api.w.org\/{rel}","templated":true}]}}