{"id":210617,"date":"2026-04-28T19:14:59","date_gmt":"2026-04-28T17:14:59","guid":{"rendered":"https:\/\/burodestruct.shop\/?post_type=product&#038;p=210617"},"modified":"2026-04-28T19:15:25","modified_gmt":"2026-04-28T17:15:25","slug":"buero-destruct-bd-pillow-apfel","status":"publish","type":"product","link":"https:\/\/burodestruct.shop\/de\/shop\/buero-destruct-bd-pillow-apfel\/","title":{"rendered":"B\u00fcro Destruct &#8211; BD Pillow Apfel"},"content":{"rendered":"<h2>Kissenbezug \u00abBD Pillow Apfel\u00bb von B\u00fcro Destruct, Made in \u00ab8ung BanDung\u00bb!<\/h2>\n<h4>Dieses dekorative Kissen \u00abBD Pillow Apfel\u00bb wurde von B\u00fcro Destruct entworfen und man kann darauf auch k\u00fcssen. Siebdruck, Material: 100% Baumwolle, Masse: 38 x 38 cm, Made in \u00ab8ung BanDung\u00bb. Wird lediglich als Kissenbezug ausgeliefert (also: ohne Kissen!).<\/h4>\n<p>Das 1994 gegr\u00fcndete Kollektiv B\u00fcro Destruct gilt als Vor- und Wegbereiter des modernen Schweizer Grafik Designs. Versucht man die Qualit\u00e4ten von B\u00fcro Destruct kurz zusammenzufassen, so liegen sie wohl darin, futuristisch und digital anmutende Gestaltungsl\u00f6sungen zu schaffen, welche gleichzeitig handwerkliche Qualit\u00e4t und entspannte Cleverness sp\u00fcren lassen.<\/p>\n","protected":false},"excerpt":{"rendered":"<h4>Kissenbezug \u00abBD Pillow Apfel\u00bb von B\u00fcro Destruct!<\/h4>\n","protected":false},"featured_media":210618,"comment_status":"closed","ping_status":"closed","template":"","meta":{"_relevanssi_hide_post":"","_relevanssi_hide_content":"","_relevanssi_pin_for_all":"","_relevanssi_pin_keywords":"","_relevanssi_unpin_keywords":"","_relevanssi_related_keywords":"","_relevanssi_related_include_ids":"","_relevanssi_related_exclude_ids":"","_relevanssi_related_no_append":"","_relevanssi_related_not_related":"","_relevanssi_related_posts":"","_relevanssi_noindex_reason":""},"product_brand":[],"product_cat":[2441,2443,2454,2468],"product_tag":[2475],"class_list":{"0":"post-210617","1":"product","2":"type-product","3":"status-publish","4":"has-post-thumbnail","6":"product_cat-buero-destruct","7":"product_cat-lifestyle","8":"product_cat-merch","9":"product_cat-stay-away","10":"product_tag-buero-destruct","12":"first","13":"instock","14":"shipping-taxable","15":"purchasable","16":"product-type-simple"},"_links":{"self":[{"href":"https:\/\/burodestruct.shop\/de\/wp-json\/wp\/v2\/product\/210617","targetHints":{"allow":["GET"]}}],"collection":[{"href":"https:\/\/burodestruct.shop\/de\/wp-json\/wp\/v2\/product"}],"about":[{"href":"https:\/\/burodestruct.shop\/de\/wp-json\/wp\/v2\/types\/product"}],"replies":[{"embeddable":true,"href":"https:\/\/burodestruct.shop\/de\/wp-json\/wp\/v2\/comments?post=210617"}],"wp:featuredmedia":[{"embeddable":true,"href":"https:\/\/burodestruct.shop\/de\/wp-json\/wp\/v2\/media\/210618"}],"wp:attachment":[{"href":"https:\/\/burodestruct.shop\/de\/wp-json\/wp\/v2\/media?parent=210617"}],"wp:term":[{"taxonomy":"product_brand","embeddable":true,"href":"https:\/\/burodestruct.shop\/de\/wp-json\/wp\/v2\/product_brand?post=210617"},{"taxonomy":"product_cat","embeddable":true,"href":"https:\/\/burodestruct.shop\/de\/wp-json\/wp\/v2\/product_cat?post=210617"},{"taxonomy":"product_tag","embeddable":true,"href":"https:\/\/burodestruct.shop\/de\/wp-json\/wp\/v2\/product_tag?post=210617"}],"curies":[{"name":"wp","href":"https:\/\/api.w.org\/{rel}","templated":true}]}}