{"id":210609,"date":"2026-04-28T18:58:43","date_gmt":"2026-04-28T16:58:43","guid":{"rendered":"https:\/\/burodestruct.shop\/?post_type=product&#038;p=210609"},"modified":"2026-04-28T19:05:00","modified_gmt":"2026-04-28T17:05:00","slug":"buero-destruct-bd-sun-lamp","status":"publish","type":"product","link":"https:\/\/burodestruct.shop\/de\/shop\/buero-destruct-bd-sun-lamp\/","title":{"rendered":"B\u00fcro Destruct &#8211; BD Sun Lamp"},"content":{"rendered":"<h2>Original Papier-Laterne aus Japan: \u00abBD Sun Lamp\u00bb von B\u00fcro Destruct!<\/h2>\n<h4>\u00abBD Sun Lamp\u00bb heisst diese in japanischer Handarbeit hergestellte Original-Papier-Laterne. Sie wurde gestaltet von B\u00fcro Destruct und bringt Licht auch in den dunkelsten Stunden.<\/h4>\n<p>Das 1994 gegr\u00fcndete Kollektiv B\u00fcro Destruct gilt als Vor- und Wegbereiter des modernen Schweizer Grafik Designs. Versucht man die Qualit\u00e4ten von B\u00fcro Destruct kurz zusammenzufassen, so liegen sie wohl darin, futuristisch und digital anmutende Gestaltungsl\u00f6sungen zu schaffen, welche gleichzeitig handwerkliche Qualit\u00e4t und entspannte Cleverness sp\u00fcren lassen.<\/p>\n","protected":false},"excerpt":{"rendered":"<h4>Handarbeit aus Japan und gestaltet von B\u00fcro Destruct: \u00abBD Sun Lamp\u00bb!<\/h4>\n","protected":false},"featured_media":210610,"comment_status":"closed","ping_status":"closed","template":"","meta":{"_relevanssi_hide_post":"","_relevanssi_hide_content":"","_relevanssi_pin_for_all":"","_relevanssi_pin_keywords":"","_relevanssi_unpin_keywords":"","_relevanssi_related_keywords":"","_relevanssi_related_include_ids":"","_relevanssi_related_exclude_ids":"","_relevanssi_related_no_append":"","_relevanssi_related_not_related":"","_relevanssi_related_posts":"","_relevanssi_noindex_reason":""},"product_brand":[],"product_cat":[2441,2442,2461,2443,2454,2468],"product_tag":[2475,2476],"class_list":{"0":"post-210609","1":"product","2":"type-product","3":"status-publish","4":"has-post-thumbnail","6":"product_cat-buero-destruct","7":"product_cat-culture","8":"product_cat-japan","9":"product_cat-lifestyle","10":"product_cat-merch","11":"product_cat-stay-away","12":"product_tag-buero-destruct","13":"product_tag-rare","15":"first","16":"instock","17":"shipping-taxable","18":"purchasable","19":"product-type-simple"},"_links":{"self":[{"href":"https:\/\/burodestruct.shop\/de\/wp-json\/wp\/v2\/product\/210609","targetHints":{"allow":["GET"]}}],"collection":[{"href":"https:\/\/burodestruct.shop\/de\/wp-json\/wp\/v2\/product"}],"about":[{"href":"https:\/\/burodestruct.shop\/de\/wp-json\/wp\/v2\/types\/product"}],"replies":[{"embeddable":true,"href":"https:\/\/burodestruct.shop\/de\/wp-json\/wp\/v2\/comments?post=210609"}],"wp:featuredmedia":[{"embeddable":true,"href":"https:\/\/burodestruct.shop\/de\/wp-json\/wp\/v2\/media\/210610"}],"wp:attachment":[{"href":"https:\/\/burodestruct.shop\/de\/wp-json\/wp\/v2\/media?parent=210609"}],"wp:term":[{"taxonomy":"product_brand","embeddable":true,"href":"https:\/\/burodestruct.shop\/de\/wp-json\/wp\/v2\/product_brand?post=210609"},{"taxonomy":"product_cat","embeddable":true,"href":"https:\/\/burodestruct.shop\/de\/wp-json\/wp\/v2\/product_cat?post=210609"},{"taxonomy":"product_tag","embeddable":true,"href":"https:\/\/burodestruct.shop\/de\/wp-json\/wp\/v2\/product_tag?post=210609"}],"curies":[{"name":"wp","href":"https:\/\/api.w.org\/{rel}","templated":true}]}}