{"id":210602,"date":"2026-04-28T18:50:28","date_gmt":"2026-04-28T16:50:28","guid":{"rendered":"https:\/\/burodestruct.shop\/?post_type=product&#038;p=210602"},"modified":"2026-04-30T16:55:19","modified_gmt":"2026-04-30T14:55:19","slug":"buero-destruct-copyculture-catalogue","status":"publish","type":"product","link":"https:\/\/burodestruct.shop\/de\/shop\/buero-destruct-copyculture-catalogue\/","title":{"rendered":"B\u00fcro Destruct &#8211; CopyCulture Catalogue"},"content":{"rendered":"<h2>Ausstellungskatalog von B\u00fcro Destruct zum Projekt \u00abCopyCulture\u00bb!<\/h2>\n<h4>Mit dem Projekt \u00abCopyCulture\u00bb setzt sich B\u00fcro Destruct mit der Kunst des Kopierens auseinander. Das Projekt l\u00e4dt die Besucher zur aktiven Teilnahme an einem experimentellen Grafik-Workshop ein. Sie k\u00f6nnen quasi in einen v\u00f6llig analogen Prozess des Schneidens, Einf\u00fcgens, Wiederverwendens und Kopierens eintauchen. Der Ausstellungskatalog \u00abCopyCulture\u00bb von B\u00fcro Destruct pr\u00e4sentiert eine Auswahl von Kunstwerken, die w\u00e4hrend den gleichnamigen Ausstellungen 2024 in der \u00abRuby Soho Gallery\u00bb (NED) und 2021 im \u00abKulturmuseum\u00bb Bern (CH), entstanden sind. Die Publikation dokumentiert die Vielfalt der Werke, die von den Besuchern und K\u00fcnstlern dieser Ausstellungen geschaffen wurden.<\/h4>\n<p>Das 1994 gegr\u00fcndete Kollektiv B\u00fcro Destruct gilt als Vor- und Wegbereiter des modernen Schweizer Grafik Designs. Versucht man die Qualit\u00e4ten von B\u00fcro Destruct kurz zusammenzufassen, so liegen sie wohl darin, futuristisch und digital anmutende Gestaltungsl\u00f6sungen zu schaffen, welche gleichzeitig handwerkliche Qualit\u00e4t und entspannte Cleverness sp\u00fcren lassen.<\/p>\n<p>&nbsp;<\/p>\n<p><span class=\"value\">Publisher: UDC Publishing<br \/>\nSoftcover: 52 Seiten, viele Farbabbildungen<br \/>\nSprache: Englisch<br \/>\nJahrgang: 2025<br \/>\nISBN: 978-90-833388-5-9<\/span><\/p>\n","protected":false},"excerpt":{"rendered":"<h4>B\u00fcro Destruct setzt sich mit der Kunst des Kopierens auseinander: \u00abCopyCulture\u00bb!<\/h4>\n","protected":false},"featured_media":210603,"comment_status":"closed","ping_status":"closed","template":"","meta":{"_relevanssi_hide_post":"","_relevanssi_hide_content":"","_relevanssi_pin_for_all":"","_relevanssi_pin_keywords":"","_relevanssi_unpin_keywords":"","_relevanssi_related_keywords":"","_relevanssi_related_include_ids":"","_relevanssi_related_exclude_ids":"","_relevanssi_related_no_append":"","_relevanssi_related_not_related":"","_relevanssi_related_posts":"","_relevanssi_noindex_reason":""},"product_brand":[],"product_cat":[2441,2442,2460,2453,2465],"product_tag":[2475,2451,2474,2515],"class_list":{"0":"post-210602","1":"product","2":"type-product","3":"status-publish","4":"has-post-thumbnail","6":"product_cat-buero-destruct","7":"product_cat-culture","8":"product_cat-graphic-design","9":"product_cat-paper","10":"product_cat-typography","11":"product_tag-buero-destruct","12":"product_tag-graphic-design","13":"product_tag-typography","14":"product_tag-zines","16":"first","17":"instock","18":"shipping-taxable","19":"purchasable","20":"product-type-simple"},"_links":{"self":[{"href":"https:\/\/burodestruct.shop\/de\/wp-json\/wp\/v2\/product\/210602","targetHints":{"allow":["GET"]}}],"collection":[{"href":"https:\/\/burodestruct.shop\/de\/wp-json\/wp\/v2\/product"}],"about":[{"href":"https:\/\/burodestruct.shop\/de\/wp-json\/wp\/v2\/types\/product"}],"replies":[{"embeddable":true,"href":"https:\/\/burodestruct.shop\/de\/wp-json\/wp\/v2\/comments?post=210602"}],"wp:featuredmedia":[{"embeddable":true,"href":"https:\/\/burodestruct.shop\/de\/wp-json\/wp\/v2\/media\/210603"}],"wp:attachment":[{"href":"https:\/\/burodestruct.shop\/de\/wp-json\/wp\/v2\/media?parent=210602"}],"wp:term":[{"taxonomy":"product_brand","embeddable":true,"href":"https:\/\/burodestruct.shop\/de\/wp-json\/wp\/v2\/product_brand?post=210602"},{"taxonomy":"product_cat","embeddable":true,"href":"https:\/\/burodestruct.shop\/de\/wp-json\/wp\/v2\/product_cat?post=210602"},{"taxonomy":"product_tag","embeddable":true,"href":"https:\/\/burodestruct.shop\/de\/wp-json\/wp\/v2\/product_tag?post=210602"}],"curies":[{"name":"wp","href":"https:\/\/api.w.org\/{rel}","templated":true}]}}