{"id":210597,"date":"2026-04-28T18:38:28","date_gmt":"2026-04-28T16:38:28","guid":{"rendered":"https:\/\/burodestruct.shop\/?post_type=product&#038;p=210597"},"modified":"2026-04-30T17:06:31","modified_gmt":"2026-04-30T15:06:31","slug":"buero-destruct-origin-limited-edition","status":"publish","type":"product","link":"https:\/\/burodestruct.shop\/de\/shop\/buero-destruct-origin-limited-edition\/","title":{"rendered":"B\u00fcro Destruct &#8211; Origin (Limited Edition)"},"content":{"rendered":"<h2>Im Eigenverlag erschienener Katalog (limitiert und signiert) zur Ausstellung \u00abOrigin\u00bb von \u00abB\u00fcro Destruct\u00bb!<\/h2>\n<h4>\u00abOrigin\u00bb (Limited Edition) enth\u00e4lt in erster Linie bis dato unver\u00f6ffentlichte Skizzen, Illustrationen und Handzeichnungen der Berner Grafiker. B\u00fcro Destruct unplugged! Signiert und limitiert auf 600 Exemplare (auch erh\u00e4ltlich als Regular Edition).<\/h4>\n<p>Das 1994 gegr\u00fcndete Kollektiv B\u00fcro Destruct gilt als Vor- und Wegbereiter des modernen Schweizer Grafik Designs. Versucht man die Qualit\u00e4ten von B\u00fcro Destruct kurz zusammenzufassen, so liegen sie wohl darin, futuristisch und digital anmutende Gestaltungsl\u00f6sungen zu schaffen, welche gleichzeitig handwerkliche Qualit\u00e4t und entspannte Cleverness sp\u00fcren lassen.<\/p>\n<p>&nbsp;<\/p>\n<p><span class=\"value\">Publisher: 8ung BanDung<br \/>\nHardcover: 96 Seiten, viele Farbabbildungen<br \/>\nSprache: Deutsch\/Englisch<br \/>\nJahrgang: 2004<br \/>\nISBN: &#8212;<\/span><\/p>\n","protected":false},"excerpt":{"rendered":"<h4>\u00abB\u00fcro Destruct unplugged\u00bb: Skizzen, Illustrationen und Handzeichnungen (Limited Edition)!<\/h4>\n","protected":false},"featured_media":210292,"comment_status":"closed","ping_status":"closed","template":"","meta":{"_relevanssi_hide_post":"","_relevanssi_hide_content":"","_relevanssi_pin_for_all":"","_relevanssi_pin_keywords":"","_relevanssi_unpin_keywords":"","_relevanssi_related_keywords":"","_relevanssi_related_include_ids":"","_relevanssi_related_exclude_ids":"","_relevanssi_related_no_append":"","_relevanssi_related_not_related":"","_relevanssi_related_posts":"","_relevanssi_noindex_reason":""},"product_brand":[],"product_cat":[2441,2453],"product_tag":[2475],"class_list":{"0":"post-210597","1":"product","2":"type-product","3":"status-publish","4":"has-post-thumbnail","6":"product_cat-buero-destruct","7":"product_cat-paper","8":"product_tag-buero-destruct","10":"first","11":"instock","12":"shipping-taxable","13":"purchasable","14":"product-type-simple"},"_links":{"self":[{"href":"https:\/\/burodestruct.shop\/de\/wp-json\/wp\/v2\/product\/210597","targetHints":{"allow":["GET"]}}],"collection":[{"href":"https:\/\/burodestruct.shop\/de\/wp-json\/wp\/v2\/product"}],"about":[{"href":"https:\/\/burodestruct.shop\/de\/wp-json\/wp\/v2\/types\/product"}],"replies":[{"embeddable":true,"href":"https:\/\/burodestruct.shop\/de\/wp-json\/wp\/v2\/comments?post=210597"}],"wp:featuredmedia":[{"embeddable":true,"href":"https:\/\/burodestruct.shop\/de\/wp-json\/wp\/v2\/media\/210292"}],"wp:attachment":[{"href":"https:\/\/burodestruct.shop\/de\/wp-json\/wp\/v2\/media?parent=210597"}],"wp:term":[{"taxonomy":"product_brand","embeddable":true,"href":"https:\/\/burodestruct.shop\/de\/wp-json\/wp\/v2\/product_brand?post=210597"},{"taxonomy":"product_cat","embeddable":true,"href":"https:\/\/burodestruct.shop\/de\/wp-json\/wp\/v2\/product_cat?post=210597"},{"taxonomy":"product_tag","embeddable":true,"href":"https:\/\/burodestruct.shop\/de\/wp-json\/wp\/v2\/product_tag?post=210597"}],"curies":[{"name":"wp","href":"https:\/\/api.w.org\/{rel}","templated":true}]}}