{"id":210588,"date":"2026-04-28T18:24:23","date_gmt":"2026-04-28T16:24:23","guid":{"rendered":"https:\/\/burodestruct.shop\/?post_type=product&#038;p=210588"},"modified":"2026-04-29T10:51:43","modified_gmt":"2026-04-29T08:51:43","slug":"buero-destruct-tribler","status":"publish","type":"product","link":"https:\/\/burodestruct.shop\/de\/shop\/buero-destruct-tribler\/","title":{"rendered":"B\u00fcro Destruct &#8211; Tribler"},"content":{"rendered":"<h2>Mit dem Konzept-Buch \u00abTribler\u00bb geht B\u00fcro Destruct ganz neue Wege, findet schliesslich aber auch wieder zur\u00fcck zu den eigenen Wurzeln!<\/h2>\n<h4>Das Buch \u00abTribler\u00bb dokumentiert und katalogisiert einerseits die Fantasiewelt der sagenumwobenen Tribler-Sippe, reflektiert andererseits \u2013 in gewohnt humorvoller Art \u2013 die eigene Haltung als Grafikdesignkollektiv. In \u00abTribler\u00bb mischt B\u00fcro Destruct einen Grafik-Zaubertrank mit starken Essenzen von Vektorgrafik, einem Essl\u00f6ffel Character Design und einer Prise typographischer Gestaltungsans\u00e4tze. Schliesslich geben die Berner Grafiker auch einen Einblick in ihre Herkunft und ihre Inspirationsquellen und graben tief unten in der Mottenkiste ihrer Arbeiten aus den letzten 20 Jahren. Mitgraben lohnt sich! Mit einem Vorwort von Gregor M. Wildermann.<\/h4>\n<p>Das 1994 gegr\u00fcndete Kollektiv B\u00fcro Destruct gilt als Vor- und Wegbereiter des modernen Schweizer Grafik Designs. Versucht man die Qualit\u00e4ten von B\u00fcro Destruct kurz zusammenzufassen, so liegen sie wohl darin, futuristisch und digital anmutende Gestaltungsl\u00f6sungen zu schaffen, welche gleichzeitig handwerkliche Qualit\u00e4t und entspannte Cleverness sp\u00fcren lassen.<\/p>\n<p>&nbsp;<\/p>\n<p><span class=\"value\">Publisher: 8ung BanDung<br \/>\nHardcover: 96 Seiten, viele Farbabbildungen<br \/>\nSprache: Deutsch\/Englisch<br \/>\nJahrgang: 2014<br \/>\nISBN: 978-3-033-04711-2<\/span><\/p>\n","protected":false},"excerpt":{"rendered":"<h4>Konzept-Buch \u00abTribler\u00bb von B\u00fcro Destruct zum 20-Jahre-Jubil\u00e4um!<\/h4>\n","protected":false},"featured_media":210590,"comment_status":"closed","ping_status":"closed","template":"","meta":{"_relevanssi_hide_post":"","_relevanssi_hide_content":"","_relevanssi_pin_for_all":"","_relevanssi_pin_keywords":"","_relevanssi_unpin_keywords":"","_relevanssi_related_keywords":"","_relevanssi_related_include_ids":"","_relevanssi_related_exclude_ids":"","_relevanssi_related_no_append":"","_relevanssi_related_not_related":"","_relevanssi_related_posts":"","_relevanssi_noindex_reason":""},"product_brand":[],"product_cat":[2441,2442,2460,2469,2443,2453,2465],"product_tag":[2475,2516],"class_list":{"0":"post-210588","1":"product","2":"type-product","3":"status-publish","4":"has-post-thumbnail","6":"product_cat-buero-destruct","7":"product_cat-culture","8":"product_cat-graphic-design","9":"product_cat-kids-corner","10":"product_cat-lifestyle","11":"product_cat-paper","12":"product_cat-typography","13":"product_tag-buero-destruct","14":"product_tag-character-design","16":"first","17":"instock","18":"shipping-taxable","19":"purchasable","20":"product-type-simple"},"_links":{"self":[{"href":"https:\/\/burodestruct.shop\/de\/wp-json\/wp\/v2\/product\/210588","targetHints":{"allow":["GET"]}}],"collection":[{"href":"https:\/\/burodestruct.shop\/de\/wp-json\/wp\/v2\/product"}],"about":[{"href":"https:\/\/burodestruct.shop\/de\/wp-json\/wp\/v2\/types\/product"}],"replies":[{"embeddable":true,"href":"https:\/\/burodestruct.shop\/de\/wp-json\/wp\/v2\/comments?post=210588"}],"wp:featuredmedia":[{"embeddable":true,"href":"https:\/\/burodestruct.shop\/de\/wp-json\/wp\/v2\/media\/210590"}],"wp:attachment":[{"href":"https:\/\/burodestruct.shop\/de\/wp-json\/wp\/v2\/media?parent=210588"}],"wp:term":[{"taxonomy":"product_brand","embeddable":true,"href":"https:\/\/burodestruct.shop\/de\/wp-json\/wp\/v2\/product_brand?post=210588"},{"taxonomy":"product_cat","embeddable":true,"href":"https:\/\/burodestruct.shop\/de\/wp-json\/wp\/v2\/product_cat?post=210588"},{"taxonomy":"product_tag","embeddable":true,"href":"https:\/\/burodestruct.shop\/de\/wp-json\/wp\/v2\/product_tag?post=210588"}],"curies":[{"name":"wp","href":"https:\/\/api.w.org\/{rel}","templated":true}]}}