{"id":210585,"date":"2026-04-28T18:06:32","date_gmt":"2026-04-28T16:06:32","guid":{"rendered":"https:\/\/burodestruct.shop\/?post_type=product&#038;p=210585"},"modified":"2026-04-28T18:06:33","modified_gmt":"2026-04-28T16:06:33","slug":"buero-destruct-bd-sk8-board-bd-skateboard","status":"publish","type":"product","link":"https:\/\/burodestruct.shop\/de\/shop\/buero-destruct-bd-sk8-board-bd-skateboard\/","title":{"rendered":"B\u00fcro Destruct &#8211; BD SK8 Board (BD Skateboard)"},"content":{"rendered":"<h2>\u00abBD SK8 Skateboard\u00bb designed von B\u00fcro Destruct f\u00fcr den Non-Profit-Skatepark \u00abSK8 PRK BE\u00bb in Bern (CH)!<\/h2>\n<h4>Dieses Skateboard wurde exklusiv f\u00fcr den Non-Profit-Skatepark \u00abSK8 PRK BE\u00bb in Bern (CH) gestaltet. Mit dem Kauf dieses Bretts wird dieser einmalige Skateplatz mitten in Bern unterst\u00fctzt! Gewicht: ca. 1,3 kg, Masse: 20 x 78.5 cm. ACHTUNG: Wird ohne Rollen ausgeliefert!<\/h4>\n<p>Das 1994 gegr\u00fcndete Kollektiv B\u00fcro Destruct gilt als Vor- und Wegbereiter des modernen Schweizer Grafik Designs. Versucht man die Qualit\u00e4ten von B\u00fcro Destruct kurz zusammenzufassen, so liegen sie wohl darin, futuristisch und digital anmutende Gestaltungsl\u00f6sungen zu schaffen, welche gleichzeitig handwerkliche Qualit\u00e4t und entspannte Cleverness sp\u00fcren lassen.<\/p>\n","protected":false},"excerpt":{"rendered":"<h4>Non-Profit-Project: \u00abBD SK8 Board\u00bb von B\u00fcro Destruct f\u00fcr den Skateplatz \u00abSK8 PRK BE\u00bb in Bern (CH)!<\/h4>\n","protected":false},"featured_media":210586,"comment_status":"closed","ping_status":"closed","template":"","meta":{"_relevanssi_hide_post":"","_relevanssi_hide_content":"","_relevanssi_pin_for_all":"","_relevanssi_pin_keywords":"","_relevanssi_unpin_keywords":"","_relevanssi_related_keywords":"","_relevanssi_related_include_ids":"","_relevanssi_related_exclude_ids":"","_relevanssi_related_no_append":"","_relevanssi_related_not_related":"","_relevanssi_related_posts":"","_relevanssi_noindex_reason":""},"product_brand":[],"product_cat":[2441,2469,2443,2454,2468],"product_tag":[2475],"class_list":{"0":"post-210585","1":"product","2":"type-product","3":"status-publish","4":"has-post-thumbnail","6":"product_cat-buero-destruct","7":"product_cat-kids-corner","8":"product_cat-lifestyle","9":"product_cat-merch","10":"product_cat-stay-away","11":"product_tag-buero-destruct","13":"first","14":"instock","15":"shipping-taxable","16":"purchasable","17":"product-type-simple"},"_links":{"self":[{"href":"https:\/\/burodestruct.shop\/de\/wp-json\/wp\/v2\/product\/210585","targetHints":{"allow":["GET"]}}],"collection":[{"href":"https:\/\/burodestruct.shop\/de\/wp-json\/wp\/v2\/product"}],"about":[{"href":"https:\/\/burodestruct.shop\/de\/wp-json\/wp\/v2\/types\/product"}],"replies":[{"embeddable":true,"href":"https:\/\/burodestruct.shop\/de\/wp-json\/wp\/v2\/comments?post=210585"}],"wp:featuredmedia":[{"embeddable":true,"href":"https:\/\/burodestruct.shop\/de\/wp-json\/wp\/v2\/media\/210586"}],"wp:attachment":[{"href":"https:\/\/burodestruct.shop\/de\/wp-json\/wp\/v2\/media?parent=210585"}],"wp:term":[{"taxonomy":"product_brand","embeddable":true,"href":"https:\/\/burodestruct.shop\/de\/wp-json\/wp\/v2\/product_brand?post=210585"},{"taxonomy":"product_cat","embeddable":true,"href":"https:\/\/burodestruct.shop\/de\/wp-json\/wp\/v2\/product_cat?post=210585"},{"taxonomy":"product_tag","embeddable":true,"href":"https:\/\/burodestruct.shop\/de\/wp-json\/wp\/v2\/product_tag?post=210585"}],"curies":[{"name":"wp","href":"https:\/\/api.w.org\/{rel}","templated":true}]}}