{"id":210565,"date":"2026-04-28T14:14:53","date_gmt":"2026-04-28T12:14:53","guid":{"rendered":"https:\/\/burodestruct.shop\/?post_type=product&#038;p=210565"},"modified":"2026-04-30T17:02:23","modified_gmt":"2026-04-30T15:02:23","slug":"buero-destruct-where-do-you-go-postcards-set","status":"publish","type":"product","link":"https:\/\/burodestruct.shop\/de\/shop\/buero-destruct-where-do-you-go-postcards-set\/","title":{"rendered":"B\u00fcro Destruct &#8211; Where Do You Go Postcards Set"},"content":{"rendered":"<h2>Postkarten-Set \u00abWhere Do You Go\u00bb von B\u00fcro Destruct!<\/h2>\n<h4>Postkarten-Set \u00abWhere Do You Go\u00bb (6 st\u00fcck), Gr\u00f6sse: A5, designed von Lopetz, B\u00fcro Destruct. Erh\u00e4ltlich auch als Poster.<\/h4>\n<p>Das 1994 gegr\u00fcndete Kollektiv B\u00fcro Destruct gilt als Vor- und Wegbereiter des modernen Schweizer Grafik Designs. Versucht man die Qualit\u00e4ten von B\u00fcro Destruct kurz zusammenzufassen, so liegen sie wohl darin, futuristisch und digital anmutende Gestaltungsl\u00f6sungen zu schaffen, welche gleichzeitig handwerkliche Qualit\u00e4t und entspannte Cleverness sp\u00fcren lassen.<\/p>\n","protected":false},"excerpt":{"rendered":"<h4>Postkarten-Set \u00abWhere Do you Go\u00bb von B\u00fcro Destruct!<\/h4>\n","protected":false},"featured_media":210567,"comment_status":"closed","ping_status":"closed","template":"","meta":{"_relevanssi_hide_post":"","_relevanssi_hide_content":"","_relevanssi_pin_for_all":"","_relevanssi_pin_keywords":"","_relevanssi_unpin_keywords":"","_relevanssi_related_keywords":"","_relevanssi_related_include_ids":"","_relevanssi_related_exclude_ids":"","_relevanssi_related_no_append":"","_relevanssi_related_not_related":"","_relevanssi_related_posts":"","_relevanssi_noindex_reason":""},"product_brand":[],"product_cat":[2441,2453],"product_tag":[2475],"class_list":{"0":"post-210565","1":"product","2":"type-product","3":"status-publish","4":"has-post-thumbnail","6":"product_cat-buero-destruct","7":"product_cat-paper","8":"product_tag-buero-destruct","10":"first","11":"instock","12":"shipping-taxable","13":"purchasable","14":"product-type-simple"},"_links":{"self":[{"href":"https:\/\/burodestruct.shop\/de\/wp-json\/wp\/v2\/product\/210565","targetHints":{"allow":["GET"]}}],"collection":[{"href":"https:\/\/burodestruct.shop\/de\/wp-json\/wp\/v2\/product"}],"about":[{"href":"https:\/\/burodestruct.shop\/de\/wp-json\/wp\/v2\/types\/product"}],"replies":[{"embeddable":true,"href":"https:\/\/burodestruct.shop\/de\/wp-json\/wp\/v2\/comments?post=210565"}],"wp:featuredmedia":[{"embeddable":true,"href":"https:\/\/burodestruct.shop\/de\/wp-json\/wp\/v2\/media\/210567"}],"wp:attachment":[{"href":"https:\/\/burodestruct.shop\/de\/wp-json\/wp\/v2\/media?parent=210565"}],"wp:term":[{"taxonomy":"product_brand","embeddable":true,"href":"https:\/\/burodestruct.shop\/de\/wp-json\/wp\/v2\/product_brand?post=210565"},{"taxonomy":"product_cat","embeddable":true,"href":"https:\/\/burodestruct.shop\/de\/wp-json\/wp\/v2\/product_cat?post=210565"},{"taxonomy":"product_tag","embeddable":true,"href":"https:\/\/burodestruct.shop\/de\/wp-json\/wp\/v2\/product_tag?post=210565"}],"curies":[{"name":"wp","href":"https:\/\/api.w.org\/{rel}","templated":true}]}}