{"id":210561,"date":"2026-04-28T13:53:59","date_gmt":"2026-04-28T11:53:59","guid":{"rendered":"https:\/\/burodestruct.shop\/?post_type=product&#038;p=210561"},"modified":"2026-04-28T17:56:06","modified_gmt":"2026-04-28T15:56:06","slug":"buero-destruct-coronaball-poster-fc-stylez-2020-1-bd-facemask-for-free","status":"publish","type":"product","link":"https:\/\/burodestruct.shop\/de\/shop\/buero-destruct-coronaball-poster-fc-stylez-2020-1-bd-facemask-for-free\/","title":{"rendered":"B\u00fcro Destruct &#8211; Coronaball Poster (Fc Stylez 2020) &amp; 1 BD Facemask (For Free)"},"content":{"rendered":"<h2>Print \u00abCoronaball\u00bb von B\u00fcro Destruct f\u00fcr die Gruppenausstellung \u00abFc Stylez 2020\u00bb! Kommt mit einer \u00abBD Facemask\u00bb gratis!<\/h2>\n<h4>F\u00fcr die Ausstellung \u00abFC Stylez 2020\u00bb zeigen wir Corona und Fussball. Wie die Faust aufs Auge. Auch der Ball, das Spielger\u00e4t von einer der gr\u00f6ssten Sportveranstaltungen weltweit, scheint infiziert. Doch er dreht sich weiter \u2013 allerdings auf einem aus den Fugen geratenen Spielfeld mit irritierenden Spielregeln. Der Ball und das Spielfeld k\u00f6nnen sinnbildlich f\u00fcr unsere momentane (die damalige) Weltlage 2020 stehen: Schief und irgendwie surreal! In Maske rufen wir entschieden auf den Platz: \u00abBuuh, Corona, wir bezwingen dich\u00bb! Doch das Spiel ist noch nicht aus! Hoffentlich geht es nicht in die Verl\u00e4ngerung. Poster \u00abCoronaball\u00bb, Masse: 420 mm x 594 mm (A2), 2-farbiger Offsetdruck, designed von Lopetz, B\u00fcro Destruct. Limitiert auf 25 Exemplare. Zu jeder Bestellung dieses Posters gibts eine \u00abBD Facemask\u00bb gratis dazu (eine individuelle Wahl ist nicht m\u00f6glich)!<\/h4>\n<p>Das 1994 gegr\u00fcndete Kollektiv B\u00fcro Destruct gilt als Vor- und Wegbereiter des modernen Schweizer Grafik Designs. Versucht man die Qualit\u00e4ten von B\u00fcro Destruct kurz zusammenzufassen, so liegen sie wohl darin, futuristisch und digital anmutende Gestaltungsl\u00f6sungen zu schaffen, welche gleichzeitig handwerkliche Qualit\u00e4t und entspannte Cleverness sp\u00fcren lassen.<\/p>\n","protected":false},"excerpt":{"rendered":"<h4>Print \u00abCoronaball\u00bb (Fc Stylez, 2020) von B\u00fcro Destruct (und 1 BD Facemask for free)!<\/h4>\n","protected":false},"featured_media":210562,"comment_status":"closed","ping_status":"closed","template":"","meta":{"_relevanssi_hide_post":"","_relevanssi_hide_content":"","_relevanssi_pin_for_all":"","_relevanssi_pin_keywords":"","_relevanssi_unpin_keywords":"","_relevanssi_related_keywords":"","_relevanssi_related_include_ids":"","_relevanssi_related_exclude_ids":"","_relevanssi_related_no_append":"","_relevanssi_related_not_related":"","_relevanssi_related_posts":"","_relevanssi_noindex_reason":""},"product_brand":[],"product_cat":[2441,2443,2453,2471,2468,2445],"product_tag":[2475],"class_list":{"0":"post-210561","1":"product","2":"type-product","3":"status-publish","4":"has-post-thumbnail","6":"product_cat-buero-destruct","7":"product_cat-lifestyle","8":"product_cat-paper","9":"product_cat-sale","10":"product_cat-stay-away","11":"product_cat-vintage-sale","12":"product_tag-buero-destruct","14":"first","15":"instock","16":"shipping-taxable","17":"purchasable","18":"product-type-simple"},"_links":{"self":[{"href":"https:\/\/burodestruct.shop\/de\/wp-json\/wp\/v2\/product\/210561","targetHints":{"allow":["GET"]}}],"collection":[{"href":"https:\/\/burodestruct.shop\/de\/wp-json\/wp\/v2\/product"}],"about":[{"href":"https:\/\/burodestruct.shop\/de\/wp-json\/wp\/v2\/types\/product"}],"replies":[{"embeddable":true,"href":"https:\/\/burodestruct.shop\/de\/wp-json\/wp\/v2\/comments?post=210561"}],"wp:featuredmedia":[{"embeddable":true,"href":"https:\/\/burodestruct.shop\/de\/wp-json\/wp\/v2\/media\/210562"}],"wp:attachment":[{"href":"https:\/\/burodestruct.shop\/de\/wp-json\/wp\/v2\/media?parent=210561"}],"wp:term":[{"taxonomy":"product_brand","embeddable":true,"href":"https:\/\/burodestruct.shop\/de\/wp-json\/wp\/v2\/product_brand?post=210561"},{"taxonomy":"product_cat","embeddable":true,"href":"https:\/\/burodestruct.shop\/de\/wp-json\/wp\/v2\/product_cat?post=210561"},{"taxonomy":"product_tag","embeddable":true,"href":"https:\/\/burodestruct.shop\/de\/wp-json\/wp\/v2\/product_tag?post=210561"}],"curies":[{"name":"wp","href":"https:\/\/api.w.org\/{rel}","templated":true}]}}