{"id":210545,"date":"2026-04-28T13:21:53","date_gmt":"2026-04-28T11:21:53","guid":{"rendered":"https:\/\/burodestruct.shop\/?post_type=product&#038;p=210545"},"modified":"2026-04-28T13:23:28","modified_gmt":"2026-04-28T11:23:28","slug":"soda-magazine-issue-15-buero-destruct-isle-of-jura","status":"publish","type":"product","link":"https:\/\/burodestruct.shop\/de\/shop\/soda-magazine-issue-15-buero-destruct-isle-of-jura\/","title":{"rendered":"Soda Magazine &#8211; Issue 15 (B\u00fcro Destruct: Isle Of Jura)"},"content":{"rendered":"<h2>Im Eigenverlag erschienener Katalog zur Ausstellung \u00abOrigin\u00bb von \u00abB\u00fcro Destruct\u00bb!<\/h2>\n<h4>In dieser Ausgabe des \u00abSoda Magazine\u00bb ist eine Fotostory von B\u00fcro Destruct (Cover) in Schottland (Isle of Jura) beschrieben, die in Tat und Wahrheit ledigleich in den Schweizer Jura f\u00fchrte. Eine Medienfalle? Nein: \u00abI Love Jura\u00bb! Ein Wortspiel. Neben der Titelgeschichte von B\u00fcro Destruct gibts weitere Specials von verschiedenen Autor*Innen, Grafiker*Innen und K\u00fcnstler*Innen.<\/h4>\n<p>Das 1994 gegr\u00fcndete Kollektiv B\u00fcro Destruct gilt als Vor- und Wegbereiter des modernen Schweizer Grafik Designs. Versucht man die Qualit\u00e4ten von B\u00fcro Destruct kurz zusammenzufassen, so liegen sie wohl darin, futuristisch und digital anmutende Gestaltungsl\u00f6sungen zu schaffen, welche gleichzeitig handwerkliche Qualit\u00e4t und entspannte Cleverness sp\u00fcren lassen.<\/p>\n<p>&nbsp;<\/p>\n<p><span class=\"value\">Publisher: Soda Magazine<br \/>\nHardcover: 124 Seiten, viele Farbabbildungen<br \/>\nSprache: Deutsch<br \/>\nJahrgang: 2000<br \/>\nISBN: &#8212;<\/span><\/p>\n","protected":false},"excerpt":{"rendered":"<h4>Fotoreportage: B\u00fcro Destruct auf der \u00abI Love Jura\u00bb!<\/h4>\n","protected":false},"featured_media":210546,"comment_status":"closed","ping_status":"closed","template":"","meta":{"_relevanssi_hide_post":"","_relevanssi_hide_content":"","_relevanssi_pin_for_all":"","_relevanssi_pin_keywords":"","_relevanssi_unpin_keywords":"","_relevanssi_related_keywords":"","_relevanssi_related_include_ids":"","_relevanssi_related_exclude_ids":"","_relevanssi_related_no_append":"","_relevanssi_related_not_related":"","_relevanssi_related_posts":"","_relevanssi_noindex_reason":""},"product_brand":[],"product_cat":[2441,2442,2460,2443,2453,2463,2468],"product_tag":[2475,2476,2515],"class_list":{"0":"post-210545","1":"product","2":"type-product","3":"status-publish","4":"has-post-thumbnail","6":"product_cat-buero-destruct","7":"product_cat-culture","8":"product_cat-graphic-design","9":"product_cat-lifestyle","10":"product_cat-paper","11":"product_cat-photography","12":"product_cat-stay-away","13":"product_tag-buero-destruct","14":"product_tag-rare","15":"product_tag-zines","17":"first","18":"instock","19":"shipping-taxable","20":"purchasable","21":"product-type-simple"},"_links":{"self":[{"href":"https:\/\/burodestruct.shop\/de\/wp-json\/wp\/v2\/product\/210545","targetHints":{"allow":["GET"]}}],"collection":[{"href":"https:\/\/burodestruct.shop\/de\/wp-json\/wp\/v2\/product"}],"about":[{"href":"https:\/\/burodestruct.shop\/de\/wp-json\/wp\/v2\/types\/product"}],"replies":[{"embeddable":true,"href":"https:\/\/burodestruct.shop\/de\/wp-json\/wp\/v2\/comments?post=210545"}],"wp:featuredmedia":[{"embeddable":true,"href":"https:\/\/burodestruct.shop\/de\/wp-json\/wp\/v2\/media\/210546"}],"wp:attachment":[{"href":"https:\/\/burodestruct.shop\/de\/wp-json\/wp\/v2\/media?parent=210545"}],"wp:term":[{"taxonomy":"product_brand","embeddable":true,"href":"https:\/\/burodestruct.shop\/de\/wp-json\/wp\/v2\/product_brand?post=210545"},{"taxonomy":"product_cat","embeddable":true,"href":"https:\/\/burodestruct.shop\/de\/wp-json\/wp\/v2\/product_cat?post=210545"},{"taxonomy":"product_tag","embeddable":true,"href":"https:\/\/burodestruct.shop\/de\/wp-json\/wp\/v2\/product_tag?post=210545"}],"curies":[{"name":"wp","href":"https:\/\/api.w.org\/{rel}","templated":true}]}}