{"id":210539,"date":"2026-04-28T13:04:34","date_gmt":"2026-04-28T11:04:34","guid":{"rendered":"https:\/\/burodestruct.shop\/?post_type=product&#038;p=210539"},"modified":"2026-04-30T17:06:14","modified_gmt":"2026-04-30T15:06:14","slug":"buero-destruct-gymnastics","status":"publish","type":"product","link":"https:\/\/burodestruct.shop\/de\/shop\/buero-destruct-gymnastics\/","title":{"rendered":"B\u00fcro Destruct &#8211; Gymnastics"},"content":{"rendered":"<h2>Im Eigenverlag erschienener Katalog zur Ausstellung \u00abGymnastics\u00bb von B\u00fcro Destruct!<\/h2>\n<h4>Im Eigenverlag erschienener Katalog zur Ausstellung \u00abGymnastics\u00bb\u00a0von B\u00fcro Destruct. Dieser kleine, aber feine Bildband zeigt erste visuelle Turn\u00fcbungen des inzwischen renommierten Grafikdesingkollektivs aus Bern. Limitiert auf 400 Exemplare!<\/h4>\n<p>Das 1994 gegr\u00fcndete Kollektiv B\u00fcro Destruct gilt als Vor- und Wegbereiter des modernen Schweizer Grafik Designs. Versucht man die Qualit\u00e4ten von B\u00fcro Destruct kurz zusammenzufassen, so liegen sie wohl darin, futuristisch und digital anmutende Gestaltungsl\u00f6sungen zu schaffen, welche gleichzeitig handwerkliche Qualit\u00e4t und entspannte Cleverness sp\u00fcren lassen.<\/p>\n<p>&nbsp;<\/p>\n<p><span class=\"value\">Publisher: Varicolor<br \/>\nSoftcover: 32 Seiten, viele Farbabbildungen<br \/>\nSprache: Englisch<br \/>\nJahrgang: 1997<br \/>\nISBN: &#8212;<\/span><\/p>\n","protected":false},"excerpt":{"rendered":"<h4>Erste visuelle Turn\u00fcbungen von B\u00fcro Destruct!<\/h4>\n","protected":false},"featured_media":210540,"comment_status":"closed","ping_status":"closed","template":"","meta":{"_relevanssi_hide_post":"","_relevanssi_hide_content":"","_relevanssi_pin_for_all":"","_relevanssi_pin_keywords":"","_relevanssi_unpin_keywords":"","_relevanssi_related_keywords":"","_relevanssi_related_include_ids":"","_relevanssi_related_exclude_ids":"","_relevanssi_related_no_append":"","_relevanssi_related_not_related":"","_relevanssi_related_posts":"","_relevanssi_noindex_reason":""},"product_brand":[],"product_cat":[2441,2442,2460,2453,2465],"product_tag":[2475,2451,2474],"class_list":{"0":"post-210539","1":"product","2":"type-product","3":"status-publish","4":"has-post-thumbnail","6":"product_cat-buero-destruct","7":"product_cat-culture","8":"product_cat-graphic-design","9":"product_cat-paper","10":"product_cat-typography","11":"product_tag-buero-destruct","12":"product_tag-graphic-design","13":"product_tag-typography","15":"first","16":"instock","17":"shipping-taxable","18":"purchasable","19":"product-type-simple"},"_links":{"self":[{"href":"https:\/\/burodestruct.shop\/de\/wp-json\/wp\/v2\/product\/210539","targetHints":{"allow":["GET"]}}],"collection":[{"href":"https:\/\/burodestruct.shop\/de\/wp-json\/wp\/v2\/product"}],"about":[{"href":"https:\/\/burodestruct.shop\/de\/wp-json\/wp\/v2\/types\/product"}],"replies":[{"embeddable":true,"href":"https:\/\/burodestruct.shop\/de\/wp-json\/wp\/v2\/comments?post=210539"}],"wp:featuredmedia":[{"embeddable":true,"href":"https:\/\/burodestruct.shop\/de\/wp-json\/wp\/v2\/media\/210540"}],"wp:attachment":[{"href":"https:\/\/burodestruct.shop\/de\/wp-json\/wp\/v2\/media?parent=210539"}],"wp:term":[{"taxonomy":"product_brand","embeddable":true,"href":"https:\/\/burodestruct.shop\/de\/wp-json\/wp\/v2\/product_brand?post=210539"},{"taxonomy":"product_cat","embeddable":true,"href":"https:\/\/burodestruct.shop\/de\/wp-json\/wp\/v2\/product_cat?post=210539"},{"taxonomy":"product_tag","embeddable":true,"href":"https:\/\/burodestruct.shop\/de\/wp-json\/wp\/v2\/product_tag?post=210539"}],"curies":[{"name":"wp","href":"https:\/\/api.w.org\/{rel}","templated":true}]}}