{"id":210533,"date":"2026-04-28T12:49:30","date_gmt":"2026-04-28T10:49:30","guid":{"rendered":"https:\/\/burodestruct.shop\/?post_type=product&#038;p=210533"},"modified":"2026-04-28T12:49:30","modified_gmt":"2026-04-28T10:49:30","slug":"buero-destruct-bd-monster-letters-paintbook-malbuch","status":"publish","type":"product","link":"https:\/\/burodestruct.shop\/de\/shop\/buero-destruct-bd-monster-letters-paintbook-malbuch\/","title":{"rendered":"B\u00fcro Destruct &#8211; BD Monster Letters Paintbook (Malbuch)"},"content":{"rendered":"<h2>Meet the \u00abBD Monster Letters\u00bb!<\/h2>\n<h4>Lerne die \u00abMonster Letters\u00bb von B\u00fcro Destruct kennen: Jeder Buchstabe des Alphabets steht f\u00fcr eine Monsterfigur und wartet nur darauf ausgmalt zu werden! Eine gruselige Ansammlung von Buchstaben von A bis Z f\u00fcr spielerisches und schauriges Lernen. Ein kleines Malbuch f\u00fcr Kinder und Junggebliebene. Format: 10 x 10 cm, 28 Seiten.<\/h4>\n<p>Das 1994 gegr\u00fcndete Kollektiv B\u00fcro Destruct gilt als Vor- und Wegbereiter des modernen Schweizer Grafik Designs. Versucht man die Qualit\u00e4ten von B\u00fcro Destruct kurz zusammenzufassen, so liegen sie wohl darin, futuristisch und digital anmutende Gestaltungsl\u00f6sungen zu schaffen, welche gleichzeitig handwerkliche Qualit\u00e4t und entspannte Cleverness sp\u00fcren lassen.<\/p>\n","protected":false},"excerpt":{"rendered":"<h4>Gruseliges Ausmalbuch \u00abMonster Letters\u00bb von B\u00fcro Destruct f\u00fcr Klein und Gross!<\/h4>\n","protected":false},"featured_media":210534,"comment_status":"closed","ping_status":"closed","template":"","meta":{"_relevanssi_hide_post":"","_relevanssi_hide_content":"","_relevanssi_pin_for_all":"","_relevanssi_pin_keywords":"","_relevanssi_unpin_keywords":"","_relevanssi_related_keywords":"","_relevanssi_related_include_ids":"","_relevanssi_related_exclude_ids":"","_relevanssi_related_no_append":"","_relevanssi_related_not_related":"","_relevanssi_related_posts":"","_relevanssi_noindex_reason":""},"product_brand":[],"product_cat":[2441,2469,2443,2453,2470],"product_tag":[2475,2477,2474],"class_list":{"0":"post-210533","1":"product","2":"type-product","3":"status-publish","4":"has-post-thumbnail","6":"product_cat-buero-destruct","7":"product_cat-kids-corner","8":"product_cat-lifestyle","9":"product_cat-paper","10":"product_cat-stationary","11":"product_tag-buero-destruct","12":"product_tag-illustration","13":"product_tag-typography","15":"first","16":"instock","17":"shipping-taxable","18":"purchasable","19":"product-type-simple"},"_links":{"self":[{"href":"https:\/\/burodestruct.shop\/de\/wp-json\/wp\/v2\/product\/210533","targetHints":{"allow":["GET"]}}],"collection":[{"href":"https:\/\/burodestruct.shop\/de\/wp-json\/wp\/v2\/product"}],"about":[{"href":"https:\/\/burodestruct.shop\/de\/wp-json\/wp\/v2\/types\/product"}],"replies":[{"embeddable":true,"href":"https:\/\/burodestruct.shop\/de\/wp-json\/wp\/v2\/comments?post=210533"}],"wp:featuredmedia":[{"embeddable":true,"href":"https:\/\/burodestruct.shop\/de\/wp-json\/wp\/v2\/media\/210534"}],"wp:attachment":[{"href":"https:\/\/burodestruct.shop\/de\/wp-json\/wp\/v2\/media?parent=210533"}],"wp:term":[{"taxonomy":"product_brand","embeddable":true,"href":"https:\/\/burodestruct.shop\/de\/wp-json\/wp\/v2\/product_brand?post=210533"},{"taxonomy":"product_cat","embeddable":true,"href":"https:\/\/burodestruct.shop\/de\/wp-json\/wp\/v2\/product_cat?post=210533"},{"taxonomy":"product_tag","embeddable":true,"href":"https:\/\/burodestruct.shop\/de\/wp-json\/wp\/v2\/product_tag?post=210533"}],"curies":[{"name":"wp","href":"https:\/\/api.w.org\/{rel}","templated":true}]}}