{"id":210504,"date":"2026-04-27T17:06:42","date_gmt":"2026-04-27T15:06:42","guid":{"rendered":"https:\/\/burodestruct.shop\/?post_type=product&#038;p=210504"},"modified":"2026-04-27T17:10:17","modified_gmt":"2026-04-27T15:10:17","slug":"a-gift-voucher-card-gutschein-code-burodestruct-shop","status":"publish","type":"product","link":"https:\/\/burodestruct.shop\/de\/shop\/a-gift-voucher-card-gutschein-code-burodestruct-shop\/","title":{"rendered":"A Gift Voucher Card (Gutschein Code) &#8211; burodestruct.shop"},"content":{"rendered":"<h2>A great present for everybody interested in graphic design and lifestyle: \u00abGift Voucher Cards\u00bb can be used to pay for goods by entering the voucher code at checkout when an order is placed.<\/h2>\n<h4>Ein perfektes Geschenk f\u00fcr alle, die sich f\u00fcr \u00abGraphic Design &amp; Lifestyle\u00bb interessieren: Ein Gutschein mit \u00abDiscount Code\u00bb, der online bei uns am \u00abCheckout\u00bb eingel\u00f6st werden kann. Damit keine Versandkosten anfallen, gibst Du bei der Bestellung \u00abBarzahlung im Shop\u00bb an und erh\u00e4ltst anschliessend von uns Deinen \u00abDiscount Code\u00bb per Mail. \u00ab100% Groove\u00bb!<\/h4>\n<h4>Unsere Gutscheine gelten auch f\u00fcr das gesamte Sortiment bei \u00abBoring Dope\u00bb (ehemals B\u00fcro Discount by B\u00fcro Destruct), Zurlindenstrasse 226, Z\u00fcrich\/Schweiz.<\/h4>\n<p>Der \u00abB\u00fcro Destruct Shop\u00bb wurde urspr\u00fcnglich 2002 unter dem Namen \u00abB\u00fcro Discount\u00bb gegr\u00fcndet und ist der offizielle Onlineshop des international renommierten Grafik Studios \u00abB\u00fcro Destruct\u00bb aus Bern. Infolge einer Umstrukturierung wurde der Name 2026 ge\u00e4ndert (s\u00e4mtliche Gutscheine die fr\u00fcher gekauft wurden behalten ihre G\u00fcltigkeit).<\/p>\n","protected":false},"excerpt":{"rendered":"<h4>Die perfekte \u00dcberraschung: Ein Gutschein!<\/h4>\n","protected":false},"featured_media":210518,"comment_status":"closed","ping_status":"closed","template":"","meta":{"_relevanssi_hide_post":"","_relevanssi_hide_content":"","_relevanssi_pin_for_all":"","_relevanssi_pin_keywords":"","_relevanssi_unpin_keywords":"","_relevanssi_related_keywords":"","_relevanssi_related_include_ids":"","_relevanssi_related_exclude_ids":"","_relevanssi_related_no_append":"","_relevanssi_related_not_related":"","_relevanssi_related_posts":"","_relevanssi_noindex_reason":""},"product_brand":[],"product_cat":[2441,2442,2443,2445,2473],"product_tag":[2514],"class_list":{"0":"post-210504","1":"product","2":"type-product","3":"status-publish","4":"has-post-thumbnail","6":"product_cat-buero-destruct","7":"product_cat-culture","8":"product_cat-lifestyle","9":"product_cat-vintage-sale","10":"product_cat-vouchers","11":"product_tag-favorites","13":"first","14":"instock","15":"shipping-taxable","16":"purchasable","17":"product-type-variable","18":"has-default-attributes"},"_links":{"self":[{"href":"https:\/\/burodestruct.shop\/de\/wp-json\/wp\/v2\/product\/210504","targetHints":{"allow":["GET"]}}],"collection":[{"href":"https:\/\/burodestruct.shop\/de\/wp-json\/wp\/v2\/product"}],"about":[{"href":"https:\/\/burodestruct.shop\/de\/wp-json\/wp\/v2\/types\/product"}],"replies":[{"embeddable":true,"href":"https:\/\/burodestruct.shop\/de\/wp-json\/wp\/v2\/comments?post=210504"}],"wp:featuredmedia":[{"embeddable":true,"href":"https:\/\/burodestruct.shop\/de\/wp-json\/wp\/v2\/media\/210518"}],"wp:attachment":[{"href":"https:\/\/burodestruct.shop\/de\/wp-json\/wp\/v2\/media?parent=210504"}],"wp:term":[{"taxonomy":"product_brand","embeddable":true,"href":"https:\/\/burodestruct.shop\/de\/wp-json\/wp\/v2\/product_brand?post=210504"},{"taxonomy":"product_cat","embeddable":true,"href":"https:\/\/burodestruct.shop\/de\/wp-json\/wp\/v2\/product_cat?post=210504"},{"taxonomy":"product_tag","embeddable":true,"href":"https:\/\/burodestruct.shop\/de\/wp-json\/wp\/v2\/product_tag?post=210504"}],"curies":[{"name":"wp","href":"https:\/\/api.w.org\/{rel}","templated":true}]}}