{"id":210496,"date":"2026-04-25T17:06:40","date_gmt":"2026-04-25T15:06:40","guid":{"rendered":"https:\/\/burodestruct.shop\/?post_type=product&#038;p=210496"},"modified":"2026-04-27T17:16:02","modified_gmt":"2026-04-27T15:16:02","slug":"g-star-raw-x-buero-destruct-cursive-script-t-shirt","status":"publish","type":"product","link":"https:\/\/burodestruct.shop\/de\/shop\/g-star-raw-x-buero-destruct-cursive-script-t-shirt\/","title":{"rendered":"G-Star Raw x B\u00fcro Destruct &#8211; Cursive Script T-Shirt"},"content":{"rendered":"<h2>Cooles T-shirt mit dem Font \u00abBD Fazer\u00bb von \u00abB\u00fcro Destruct x G-Star\u00bb!<\/h2>\n<h4>\u00abGraphic Script T-Shirt\u00bb des Labels \u00abG-Star Raw\u00bb. Vorne mit der weissen Aufschrift \u00abG-Star\u00bb in der Schriftart \u00abBD Fazer\u00bb von B\u00fcro Destruct. Material: 100% Bio-Baumwolle. Farbe: Schwarz.<\/h4>\n<p>Das 1994 gegr\u00fcndete Kollektiv B\u00fcro Destruct gilt als Vor- und Wegbereiter des modernen Schweizer Grafik Designs. Versucht man die Qualit\u00e4ten von B\u00fcro Destruct kurz zusammenzufassen, so liegen sie wohl darin, futuristisch und digital anmutende Gestaltungsl\u00f6sungen zu schaffen, welche gleichzeitig handwerkliche Qualit\u00e4t und entspannte Cleverness sp\u00fcren lassen.<\/p>\n","protected":false},"excerpt":{"rendered":"<h4>Collabo: G-Star Raw x B\u00fcro Destruct!<\/h4>\n","protected":false},"featured_media":210520,"comment_status":"closed","ping_status":"closed","template":"","meta":{"_relevanssi_hide_post":"","_relevanssi_hide_content":"","_relevanssi_pin_for_all":"","_relevanssi_pin_keywords":"","_relevanssi_unpin_keywords":"","_relevanssi_related_keywords":"","_relevanssi_related_include_ids":"","_relevanssi_related_exclude_ids":"","_relevanssi_related_no_append":"","_relevanssi_related_not_related":"","_relevanssi_related_posts":"","_relevanssi_noindex_reason":""},"product_brand":[],"product_cat":[2466,2441,2443,2455],"product_tag":[2475],"class_list":{"0":"post-210496","1":"product","2":"type-product","3":"status-publish","4":"has-post-thumbnail","6":"product_cat-apparel","7":"product_cat-buero-destruct","8":"product_cat-lifestyle","9":"product_cat-textile","10":"product_tag-buero-destruct","11":"pa_size-size-l","13":"first","14":"instock","15":"shipping-taxable","16":"purchasable","17":"product-type-variable","18":"has-default-attributes"},"_links":{"self":[{"href":"https:\/\/burodestruct.shop\/de\/wp-json\/wp\/v2\/product\/210496","targetHints":{"allow":["GET"]}}],"collection":[{"href":"https:\/\/burodestruct.shop\/de\/wp-json\/wp\/v2\/product"}],"about":[{"href":"https:\/\/burodestruct.shop\/de\/wp-json\/wp\/v2\/types\/product"}],"replies":[{"embeddable":true,"href":"https:\/\/burodestruct.shop\/de\/wp-json\/wp\/v2\/comments?post=210496"}],"wp:featuredmedia":[{"embeddable":true,"href":"https:\/\/burodestruct.shop\/de\/wp-json\/wp\/v2\/media\/210520"}],"wp:attachment":[{"href":"https:\/\/burodestruct.shop\/de\/wp-json\/wp\/v2\/media?parent=210496"}],"wp:term":[{"taxonomy":"product_brand","embeddable":true,"href":"https:\/\/burodestruct.shop\/de\/wp-json\/wp\/v2\/product_brand?post=210496"},{"taxonomy":"product_cat","embeddable":true,"href":"https:\/\/burodestruct.shop\/de\/wp-json\/wp\/v2\/product_cat?post=210496"},{"taxonomy":"product_tag","embeddable":true,"href":"https:\/\/burodestruct.shop\/de\/wp-json\/wp\/v2\/product_tag?post=210496"}],"curies":[{"name":"wp","href":"https:\/\/api.w.org\/{rel}","templated":true}]}}