{"id":210480,"date":"2026-04-25T16:27:03","date_gmt":"2026-04-25T14:27:03","guid":{"rendered":"https:\/\/burodestruct.shop\/?post_type=product&#038;p=210480"},"modified":"2026-04-25T16:36:44","modified_gmt":"2026-04-25T14:36:44","slug":"buero-destruct-x-boutique-landesmuseum-techno-keychain","status":"publish","type":"product","link":"https:\/\/burodestruct.shop\/de\/shop\/buero-destruct-x-boutique-landesmuseum-techno-keychain\/","title":{"rendered":"B\u00fcro Destruct x Boutique Landesmuseum: Techno Keychain"},"content":{"rendered":"<h2>Dekorativer \u00abTechno Keychain\u00bb von \u00abB\u00fcro Destruct x Boutique Landesmuseum\u00bb!<\/h2>\n<h4>Der dekorative \u00abTechno Keychain\u00bb vorne mit der farbigen Aufschrift \u00abTechno\u00bb und hinten mit der Aufschrift \u00abI (Heart) Techno\u00bb wurde f\u00fcr die Ausstellung \u00abTechno\u00bb im \u00abLandesmuseum Z\u00fcrich\u00bb von \u00abB\u00fcro Destruct\u00bb designed. \u00abWe love techno too\u00bb!<\/h4>\n<p>Das 1994 gegr\u00fcndete Kollektiv B\u00fcro Destruct gilt als Vor- und Wegbereiter des modernen Schweizer Grafik Designs. Versucht man die Qualit\u00e4ten von B\u00fcro Destruct kurz zusammenzufassen, so liegen sie wohl darin, futuristisch und digital anmutende Gestaltungsl\u00f6sungen zu schaffen, welche gleichzeitig handwerkliche Qualit\u00e4t und entspannte Cleverness sp\u00fcren lassen.<\/p>\n","protected":false},"excerpt":{"rendered":"<h4>Collabo: B\u00fcro Destruct x Boutique Landesmuseum!<\/h4>\n","protected":false},"featured_media":210482,"comment_status":"closed","ping_status":"closed","template":"","meta":{"_relevanssi_hide_post":"","_relevanssi_hide_content":"","_relevanssi_pin_for_all":"","_relevanssi_pin_keywords":"","_relevanssi_unpin_keywords":"","_relevanssi_related_keywords":"","_relevanssi_related_include_ids":"","_relevanssi_related_exclude_ids":"","_relevanssi_related_no_append":"","_relevanssi_related_not_related":"","_relevanssi_related_posts":"","_relevanssi_noindex_reason":""},"product_brand":[],"product_cat":[2441,2454],"product_tag":[2475,2510,2512],"class_list":{"0":"post-210480","1":"product","2":"type-product","3":"status-publish","4":"has-post-thumbnail","6":"product_cat-buero-destruct","7":"product_cat-merch","8":"product_tag-buero-destruct","9":"product_tag-collaborations","10":"product_tag-techno","12":"first","13":"instock","14":"shipping-taxable","15":"purchasable","16":"product-type-simple"},"_links":{"self":[{"href":"https:\/\/burodestruct.shop\/de\/wp-json\/wp\/v2\/product\/210480","targetHints":{"allow":["GET"]}}],"collection":[{"href":"https:\/\/burodestruct.shop\/de\/wp-json\/wp\/v2\/product"}],"about":[{"href":"https:\/\/burodestruct.shop\/de\/wp-json\/wp\/v2\/types\/product"}],"replies":[{"embeddable":true,"href":"https:\/\/burodestruct.shop\/de\/wp-json\/wp\/v2\/comments?post=210480"}],"wp:featuredmedia":[{"embeddable":true,"href":"https:\/\/burodestruct.shop\/de\/wp-json\/wp\/v2\/media\/210482"}],"wp:attachment":[{"href":"https:\/\/burodestruct.shop\/de\/wp-json\/wp\/v2\/media?parent=210480"}],"wp:term":[{"taxonomy":"product_brand","embeddable":true,"href":"https:\/\/burodestruct.shop\/de\/wp-json\/wp\/v2\/product_brand?post=210480"},{"taxonomy":"product_cat","embeddable":true,"href":"https:\/\/burodestruct.shop\/de\/wp-json\/wp\/v2\/product_cat?post=210480"},{"taxonomy":"product_tag","embeddable":true,"href":"https:\/\/burodestruct.shop\/de\/wp-json\/wp\/v2\/product_tag?post=210480"}],"curies":[{"name":"wp","href":"https:\/\/api.w.org\/{rel}","templated":true}]}}