{"id":210330,"date":"2026-04-18T11:40:39","date_gmt":"2026-04-18T09:40:39","guid":{"rendered":"https:\/\/burodestruct.shop\/?post_type=product&#038;p=210330"},"modified":"2026-04-28T12:16:15","modified_gmt":"2026-04-28T10:16:15","slug":"buero-destruct-bd-beach-towel-maare-whale-2023","status":"publish","type":"product","link":"https:\/\/burodestruct.shop\/de\/shop\/buero-destruct-bd-beach-towel-maare-whale-2023\/","title":{"rendered":"B\u00fcro Destruct &#8211; BD Beach Towel mAARE Whale 2023"},"content":{"rendered":"<h2>Das extra-schnelltrocknendes Badetuch \u00abmAARE Whale 2023\u00bb designed von B\u00fcro Destruct!<\/h2>\n<h4>Dieses leichte, extra-schnelltrocknende Badetuch \u00abmAARE Whale 2023\u00bb wurde von B\u00fcro Destruct entworfen und passt nicht nur perfekt zu einem Tag an der (m)Aare oder an einem \u00e4hnlichen Gew\u00e4sser &#8211; es macht sich auch voll gut als Wandteppich. Grosses Pfadfinderehrenwort, geschw\u00f6rt! Material: 88% Rezykliertes PET, 12% Polyamid, Masse: 78 x 125 cm, Gewicht: ca. 200 gr., Farbe: Blau\/Weiss.<\/h4>\n<p>Das 1994 gegr\u00fcndete Kollektiv B\u00fcro Destruct gilt als Vor- und Wegbereiter des modernen Schweizer Grafik Designs. Versucht man die Qualit\u00e4ten von B\u00fcro Destruct kurz zusammenzufassen, so liegen sie wohl darin, futuristisch und digital anmutende Gestaltungsl\u00f6sungen zu schaffen, welche gleichzeitig handwerkliche Qualit\u00e4t und entspannte Cleverness sp\u00fcren lassen.<\/p>\n","protected":false},"excerpt":{"rendered":"<h4>Extra-schnelltrocknendes Badetuch von B\u00fcro Destruct!<\/h4>\n","protected":false},"featured_media":210331,"comment_status":"closed","ping_status":"closed","template":"","meta":{"_relevanssi_hide_post":"","_relevanssi_hide_content":"","_relevanssi_pin_for_all":"","_relevanssi_pin_keywords":"","_relevanssi_unpin_keywords":"","_relevanssi_related_keywords":"","_relevanssi_related_include_ids":"","_relevanssi_related_exclude_ids":"","_relevanssi_related_no_append":"","_relevanssi_related_not_related":"","_relevanssi_related_posts":"","_relevanssi_noindex_reason":""},"product_brand":[],"product_cat":[2441,2443,2468,2455],"product_tag":[2475,2487],"class_list":{"0":"post-210330","1":"product","2":"type-product","3":"status-publish","4":"has-post-thumbnail","6":"product_cat-buero-destruct","7":"product_cat-lifestyle","8":"product_cat-stay-away","9":"product_cat-textile","10":"product_tag-buero-destruct","11":"product_tag-maare","13":"first","14":"instock","15":"shipping-taxable","16":"purchasable","17":"product-type-simple"},"_links":{"self":[{"href":"https:\/\/burodestruct.shop\/de\/wp-json\/wp\/v2\/product\/210330","targetHints":{"allow":["GET"]}}],"collection":[{"href":"https:\/\/burodestruct.shop\/de\/wp-json\/wp\/v2\/product"}],"about":[{"href":"https:\/\/burodestruct.shop\/de\/wp-json\/wp\/v2\/types\/product"}],"replies":[{"embeddable":true,"href":"https:\/\/burodestruct.shop\/de\/wp-json\/wp\/v2\/comments?post=210330"}],"wp:featuredmedia":[{"embeddable":true,"href":"https:\/\/burodestruct.shop\/de\/wp-json\/wp\/v2\/media\/210331"}],"wp:attachment":[{"href":"https:\/\/burodestruct.shop\/de\/wp-json\/wp\/v2\/media?parent=210330"}],"wp:term":[{"taxonomy":"product_brand","embeddable":true,"href":"https:\/\/burodestruct.shop\/de\/wp-json\/wp\/v2\/product_brand?post=210330"},{"taxonomy":"product_cat","embeddable":true,"href":"https:\/\/burodestruct.shop\/de\/wp-json\/wp\/v2\/product_cat?post=210330"},{"taxonomy":"product_tag","embeddable":true,"href":"https:\/\/burodestruct.shop\/de\/wp-json\/wp\/v2\/product_tag?post=210330"}],"curies":[{"name":"wp","href":"https:\/\/api.w.org\/{rel}","templated":true}]}}