{"id":210317,"date":"2026-04-18T11:12:42","date_gmt":"2026-04-18T09:12:42","guid":{"rendered":"https:\/\/burodestruct.shop\/?post_type=product&#038;p=210317"},"modified":"2026-04-18T11:29:05","modified_gmt":"2026-04-18T09:29:05","slug":"thomas-jakobson-buero-destruct-x-boutique-landesmuseum-techno-socks","status":"publish","type":"product","link":"https:\/\/burodestruct.shop\/de\/shop\/thomas-jakobson-buero-destruct-x-boutique-landesmuseum-techno-socks\/","title":{"rendered":"Thomas Jakobson &#8211; B\u00fcro Destruct x Boutique Landesmuseum: Techno Socks"},"content":{"rendered":"<h2>Die farbigen Socken \u00abTechno\u00bb von \u00abB\u00fcro Destruct x Boutique Landesmuseum\u00bb!<\/h2>\n<h4>Die \u00abTechno Socks\u00bb von \u00abThomas Jakobson\u00bb wurden f\u00fcr die Ausstellung \u00abTechno\u00bb im \u00abLandesmuseum Z\u00fcrich\u00bb von B\u00fcro Destruct designed. F\u00fcr alle die auf bunte Tanzf\u00fcsse stehen! Material: 80% Bio-Baumwolle, 18% Polyester, 2% Elastan. Farbe: Bunt. Erh\u00e4ltlich in drei verschiedenen Gr\u00f6ssen.<\/h4>\n<p>\u00abThomas Jakobson Socks\u00bb wurde 2014 von Thomas Gfeller in Bern (CH) gegr\u00fcndet. Alle \u00abThomas Jakobson Socks\u00bb werden in der Schweiz designed, in Deutschland produziert und zeichnen sich durch einen hohen Anteil Bio-Baumwolle aus.<\/p>\n","protected":false},"excerpt":{"rendered":"<h4>Collabo: B\u00fcro Destruct x Boutique Landesmuseum!<\/h4>\n","protected":false},"featured_media":210318,"comment_status":"closed","ping_status":"closed","template":"","meta":{"_relevanssi_hide_post":"","_relevanssi_hide_content":"","_relevanssi_pin_for_all":"","_relevanssi_pin_keywords":"","_relevanssi_unpin_keywords":"","_relevanssi_related_keywords":"","_relevanssi_related_include_ids":"","_relevanssi_related_exclude_ids":"","_relevanssi_related_no_append":"","_relevanssi_related_not_related":"","_relevanssi_related_posts":"","_relevanssi_noindex_reason":""},"product_brand":[],"product_cat":[2466,2441,2442,2443,2462,2455],"product_tag":[2475,2510,2452],"class_list":{"0":"post-210317","1":"product","2":"type-product","3":"status-publish","4":"has-post-thumbnail","6":"product_cat-apparel","7":"product_cat-buero-destruct","8":"product_cat-culture","9":"product_cat-lifestyle","10":"product_cat-music","11":"product_cat-textile","12":"product_tag-buero-destruct","13":"product_tag-collaborations","14":"product_tag-swiss-made","15":"pa_size-35-38","16":"pa_size-39-42","17":"pa_size-43-45","19":"first","20":"instock","21":"featured","22":"shipping-taxable","23":"purchasable","24":"product-type-variable","25":"has-default-attributes"},"_links":{"self":[{"href":"https:\/\/burodestruct.shop\/de\/wp-json\/wp\/v2\/product\/210317","targetHints":{"allow":["GET"]}}],"collection":[{"href":"https:\/\/burodestruct.shop\/de\/wp-json\/wp\/v2\/product"}],"about":[{"href":"https:\/\/burodestruct.shop\/de\/wp-json\/wp\/v2\/types\/product"}],"replies":[{"embeddable":true,"href":"https:\/\/burodestruct.shop\/de\/wp-json\/wp\/v2\/comments?post=210317"}],"wp:featuredmedia":[{"embeddable":true,"href":"https:\/\/burodestruct.shop\/de\/wp-json\/wp\/v2\/media\/210318"}],"wp:attachment":[{"href":"https:\/\/burodestruct.shop\/de\/wp-json\/wp\/v2\/media?parent=210317"}],"wp:term":[{"taxonomy":"product_brand","embeddable":true,"href":"https:\/\/burodestruct.shop\/de\/wp-json\/wp\/v2\/product_brand?post=210317"},{"taxonomy":"product_cat","embeddable":true,"href":"https:\/\/burodestruct.shop\/de\/wp-json\/wp\/v2\/product_cat?post=210317"},{"taxonomy":"product_tag","embeddable":true,"href":"https:\/\/burodestruct.shop\/de\/wp-json\/wp\/v2\/product_tag?post=210317"}],"curies":[{"name":"wp","href":"https:\/\/api.w.org\/{rel}","templated":true}]}}