{"id":210304,"date":"2026-04-18T10:37:36","date_gmt":"2026-04-18T08:37:36","guid":{"rendered":"https:\/\/burodestruct.shop\/?post_type=product&#038;p=210304"},"modified":"2026-04-18T10:37:36","modified_gmt":"2026-04-18T08:37:36","slug":"buero-destruct-bd-floppy-disk-beer-coasters-6-pack","status":"publish","type":"product","link":"https:\/\/burodestruct.shop\/de\/shop\/buero-destruct-bd-floppy-disk-beer-coasters-6-pack\/","title":{"rendered":"B\u00fcro Destruct &#8211; BD Floppy-Disk Beer Coasters (6-Pack)"},"content":{"rendered":"<h2>Jetzt wirds feucht-fr\u00f6hlich: G\u00f6nn Dir ein Sixpack \u00abBD Floppy-Disk Beer Coasters\u00bb!<\/h2>\n<h4>Die coolen und praktischen \u00abBD Floppy-Disk Beer Coasters\u00bb (Getr\u00e4nkeuntersetzer) designed von B\u00fcro Destruct kommen standesgem\u00e4ss im \u00abSixpack\u00bb und sorgen garantiert in jeder Runde f\u00fcr gute Stimmung. Prost! Masse: 9.2 x 9.2 x 0.2 cm (mit abgerundeten Ecken), Material: 100 % Hartfaser, Liefermenge: 6 St\u00fcck.<\/h4>\n<p>Das 1994 gegr\u00fcndete Kollektiv B\u00fcro Destruct gilt als Vor- und Wegbereiter des modernen Schweizer Grafik Designs. Versucht man die Qualit\u00e4ten von B\u00fcro Destruct kurz zusammenzufassen, so liegen sie wohl darin, futuristisch und digital anmutende Gestaltungsl\u00f6sungen zu schaffen, welche gleichzeitig handwerkliche Qualit\u00e4t und entspannte Cleverness sp\u00fcren lassen.<\/p>\n","protected":false},"excerpt":{"rendered":"<h4>Die coolen Getr\u00e4nkeuntersetzer von B\u00fcro Destruct!<\/h4>\n","protected":false},"featured_media":210305,"comment_status":"closed","ping_status":"closed","template":"","meta":{"_relevanssi_hide_post":"","_relevanssi_hide_content":"","_relevanssi_pin_for_all":"","_relevanssi_pin_keywords":"","_relevanssi_unpin_keywords":"","_relevanssi_related_keywords":"","_relevanssi_related_include_ids":"","_relevanssi_related_exclude_ids":"","_relevanssi_related_no_append":"","_relevanssi_related_not_related":"","_relevanssi_related_posts":"","_relevanssi_noindex_reason":""},"product_brand":[],"product_cat":[2441,2443,2454,2468],"product_tag":[2475,2452],"class_list":{"0":"post-210304","1":"product","2":"type-product","3":"status-publish","4":"has-post-thumbnail","6":"product_cat-buero-destruct","7":"product_cat-lifestyle","8":"product_cat-merch","9":"product_cat-stay-away","10":"product_tag-buero-destruct","11":"product_tag-swiss-made","13":"first","14":"instock","15":"shipping-taxable","16":"purchasable","17":"product-type-simple"},"_links":{"self":[{"href":"https:\/\/burodestruct.shop\/de\/wp-json\/wp\/v2\/product\/210304","targetHints":{"allow":["GET"]}}],"collection":[{"href":"https:\/\/burodestruct.shop\/de\/wp-json\/wp\/v2\/product"}],"about":[{"href":"https:\/\/burodestruct.shop\/de\/wp-json\/wp\/v2\/types\/product"}],"replies":[{"embeddable":true,"href":"https:\/\/burodestruct.shop\/de\/wp-json\/wp\/v2\/comments?post=210304"}],"wp:featuredmedia":[{"embeddable":true,"href":"https:\/\/burodestruct.shop\/de\/wp-json\/wp\/v2\/media\/210305"}],"wp:attachment":[{"href":"https:\/\/burodestruct.shop\/de\/wp-json\/wp\/v2\/media?parent=210304"}],"wp:term":[{"taxonomy":"product_brand","embeddable":true,"href":"https:\/\/burodestruct.shop\/de\/wp-json\/wp\/v2\/product_brand?post=210304"},{"taxonomy":"product_cat","embeddable":true,"href":"https:\/\/burodestruct.shop\/de\/wp-json\/wp\/v2\/product_cat?post=210304"},{"taxonomy":"product_tag","embeddable":true,"href":"https:\/\/burodestruct.shop\/de\/wp-json\/wp\/v2\/product_tag?post=210304"}],"curies":[{"name":"wp","href":"https:\/\/api.w.org\/{rel}","templated":true}]}}