{"id":210255,"date":"2026-04-17T18:43:52","date_gmt":"2026-04-17T16:43:52","guid":{"rendered":"https:\/\/burodestruct.shop\/?post_type=product&#038;p=210255"},"modified":"2026-04-30T16:33:50","modified_gmt":"2026-04-30T14:33:50","slug":"buero-destruct-bd-stifles-series-1-blind-assortment","status":"publish","type":"product","link":"https:\/\/burodestruct.shop\/de\/shop\/buero-destruct-bd-stifles-series-1-blind-assortment\/","title":{"rendered":"B\u00fcro Destruct &#8211; BD Stifles Series 1 (Blind Assortment)"},"content":{"rendered":"<h2>Die erste Serie der \u00abStifles\u00bb umfasst acht verschiedene Charakteren designed von Lopetz (B\u00fcro Destruct)!<\/h2>\n<h4>Die \u00abStifles\u00bb sind kleine Kreaturen, die ihre Zeit am liebsten ruhend auf ihren Knien verbringen und dabei die Menschen beobachten. Ihre Lieblingsorte sind daher \u00f6ffentliche R\u00e4ume wie Kaffees, Schaufenster oder Ladengstelle. Sie werden aber auch gerne von Dir in der weiten Welt herumgef\u00fchrt. Der Ursprung der Stifles ist nicht ganz genau gekl\u00e4rt, aber in vielen Eigenschaften sind sie dem Menschen sehr \u00e4hnlich. Produziert und designed wurden sie von B\u00fcro Destruct. Erh\u00e4ltlich nur als Blindcases (man weiss also nie, welche Figur man erh\u00e4lt). Liefermenge: 1 Exemplar.<\/h4>\n<p>Das 1994 gegr\u00fcndete Kollektiv B\u00fcro Destruct gilt als Vor- und Wegbereiter des modernen Schweizer Grafik Designs. Versucht man die Qualit\u00e4ten von B\u00fcro Destruct kurz zusammenzufassen, so liegen sie wohl darin, futuristisch und digital anmutende Gestaltungsl\u00f6sungen zu schaffen, welche gleichzeitig handwerkliche Qualit\u00e4t und entspannte Cleverness sp\u00fcren lassen.<\/p>\n","protected":false},"excerpt":{"rendered":"<h4>\u00abDesigner Toy\u00bb von B\u00fcro Destruct!<\/h4>\n","protected":false},"featured_media":210257,"comment_status":"closed","ping_status":"closed","template":"","meta":{"_relevanssi_hide_post":"","_relevanssi_hide_content":"","_relevanssi_pin_for_all":"","_relevanssi_pin_keywords":"","_relevanssi_unpin_keywords":"","_relevanssi_related_keywords":"","_relevanssi_related_include_ids":"","_relevanssi_related_exclude_ids":"","_relevanssi_related_no_append":"","_relevanssi_related_not_related":"","_relevanssi_related_posts":"","_relevanssi_noindex_reason":""},"product_brand":[],"product_cat":[2441,2442,2469,2443,2454,2464],"product_tag":[2475,2516],"class_list":{"0":"post-210255","1":"product","2":"type-product","3":"status-publish","4":"has-post-thumbnail","6":"product_cat-buero-destruct","7":"product_cat-culture","8":"product_cat-kids-corner","9":"product_cat-lifestyle","10":"product_cat-merch","11":"product_cat-toys-plushes","12":"product_tag-buero-destruct","13":"product_tag-character-design","15":"first","16":"instock","17":"featured","18":"shipping-taxable","19":"purchasable","20":"product-type-simple"},"_links":{"self":[{"href":"https:\/\/burodestruct.shop\/de\/wp-json\/wp\/v2\/product\/210255","targetHints":{"allow":["GET"]}}],"collection":[{"href":"https:\/\/burodestruct.shop\/de\/wp-json\/wp\/v2\/product"}],"about":[{"href":"https:\/\/burodestruct.shop\/de\/wp-json\/wp\/v2\/types\/product"}],"replies":[{"embeddable":true,"href":"https:\/\/burodestruct.shop\/de\/wp-json\/wp\/v2\/comments?post=210255"}],"wp:featuredmedia":[{"embeddable":true,"href":"https:\/\/burodestruct.shop\/de\/wp-json\/wp\/v2\/media\/210257"}],"wp:attachment":[{"href":"https:\/\/burodestruct.shop\/de\/wp-json\/wp\/v2\/media?parent=210255"}],"wp:term":[{"taxonomy":"product_brand","embeddable":true,"href":"https:\/\/burodestruct.shop\/de\/wp-json\/wp\/v2\/product_brand?post=210255"},{"taxonomy":"product_cat","embeddable":true,"href":"https:\/\/burodestruct.shop\/de\/wp-json\/wp\/v2\/product_cat?post=210255"},{"taxonomy":"product_tag","embeddable":true,"href":"https:\/\/burodestruct.shop\/de\/wp-json\/wp\/v2\/product_tag?post=210255"}],"curies":[{"name":"wp","href":"https:\/\/api.w.org\/{rel}","templated":true}]}}