{"id":210239,"date":"2026-04-17T17:53:40","date_gmt":"2026-04-17T15:53:40","guid":{"rendered":"https:\/\/burodestruct.shop\/?post_type=product&#038;p=210239"},"modified":"2026-04-18T10:58:23","modified_gmt":"2026-04-18T08:58:23","slug":"buero-destruct-jaro-gielens-electronic-plastic","status":"publish","type":"product","link":"https:\/\/burodestruct.shop\/de\/shop\/buero-destruct-jaro-gielens-electronic-plastic\/","title":{"rendered":"B\u00fcro Destruct &amp; Jaro Gielens &#8211; Electronic Plastic"},"content":{"rendered":"<h2>Im Eigenverlag erschienener Katalog zur Ausstellung \u00abOrigin\u00bb von \u00abB\u00fcro Destruct\u00bb!<\/h2>\n<h4>Jaro Gielens, der Initiator dieses Buches, besitzt eine der gr\u00f6ssten Sammlungen von so genannten \u00abHandhelds\u00bb (tragbaren Computergames) weltweit. Diese Vorl\u00e4ufer des \u00abGame Boys\u00bb waren in den fr\u00fchen 80er-Jahren sehr popul\u00e4r und erhalten durch das Buch \u00abElectronic Plastic\u00bb eine posthume W\u00fcrdigung. Gestaltet wurde dieses Buch vom spielverr\u00fcckten Grafiker Lopetz (B\u00fcro Destruct) und galt bei erscheinen im \u00abID-Magazine\u00bb als \u00ab&#8230; this year\u2019s must have book\u00bb. Nur noch wenige Exemplare an Lager!<\/h4>\n<p>Das 1994 gegr\u00fcndete Kollektiv B\u00fcro Destruct gilt als Vor- und Wegbereiter des modernen Schweizer Grafik Designs. Versucht man die Qualit\u00e4ten von B\u00fcro Destruct kurz zusammenzufassen, so liegen sie wohl darin, futuristisch und digital anmutende Gestaltungsl\u00f6sungen zu schaffen, welche gleichzeitig handwerkliche Qualit\u00e4t und entspannte Cleverness sp\u00fcren lassen.<\/p>\n<p>&nbsp;<\/p>\n<p><span class=\"value\">Publisher: Gestalten<br \/>\nHardcover: 176 Seiten, viele Farbabbildungen<br \/>\nSprache: Deutsch\/Englisch<br \/>\nJahrgang: 2000<br \/>\nISBN: 3931126447<\/span><\/p>\n","protected":false},"excerpt":{"rendered":"<h4>Haro Gielens Sammlung und B\u00fcro Destructs \u00abGame Boy Design\u00bb!<\/h4>\n","protected":false},"featured_media":210289,"comment_status":"closed","ping_status":"closed","template":"","meta":{"_relevanssi_hide_post":"","_relevanssi_hide_content":"","_relevanssi_pin_for_all":"","_relevanssi_pin_keywords":"","_relevanssi_unpin_keywords":"","_relevanssi_related_keywords":"","_relevanssi_related_include_ids":"","_relevanssi_related_exclude_ids":"","_relevanssi_related_no_append":"","_relevanssi_related_not_related":"","_relevanssi_related_posts":"","_relevanssi_noindex_reason":""},"product_brand":[],"product_cat":[2441,2442,2459,2460,2453],"product_tag":[2475,2476],"class_list":{"0":"post-210239","1":"product","2":"type-product","3":"status-publish","4":"has-post-thumbnail","6":"product_cat-buero-destruct","7":"product_cat-culture","8":"product_cat-gameculture","9":"product_cat-graphic-design","10":"product_cat-paper","11":"product_tag-buero-destruct","12":"product_tag-rare","14":"first","15":"instock","16":"shipping-taxable","17":"purchasable","18":"product-type-simple"},"_links":{"self":[{"href":"https:\/\/burodestruct.shop\/de\/wp-json\/wp\/v2\/product\/210239","targetHints":{"allow":["GET"]}}],"collection":[{"href":"https:\/\/burodestruct.shop\/de\/wp-json\/wp\/v2\/product"}],"about":[{"href":"https:\/\/burodestruct.shop\/de\/wp-json\/wp\/v2\/types\/product"}],"replies":[{"embeddable":true,"href":"https:\/\/burodestruct.shop\/de\/wp-json\/wp\/v2\/comments?post=210239"}],"wp:featuredmedia":[{"embeddable":true,"href":"https:\/\/burodestruct.shop\/de\/wp-json\/wp\/v2\/media\/210289"}],"wp:attachment":[{"href":"https:\/\/burodestruct.shop\/de\/wp-json\/wp\/v2\/media?parent=210239"}],"wp:term":[{"taxonomy":"product_brand","embeddable":true,"href":"https:\/\/burodestruct.shop\/de\/wp-json\/wp\/v2\/product_brand?post=210239"},{"taxonomy":"product_cat","embeddable":true,"href":"https:\/\/burodestruct.shop\/de\/wp-json\/wp\/v2\/product_cat?post=210239"},{"taxonomy":"product_tag","embeddable":true,"href":"https:\/\/burodestruct.shop\/de\/wp-json\/wp\/v2\/product_tag?post=210239"}],"curies":[{"name":"wp","href":"https:\/\/api.w.org\/{rel}","templated":true}]}}