{"id":210163,"date":"2026-04-10T14:15:14","date_gmt":"2026-04-10T12:15:14","guid":{"rendered":"https:\/\/burodestruct.shop\/?post_type=product&#038;p=210163"},"modified":"2026-04-10T15:59:07","modified_gmt":"2026-04-10T13:59:07","slug":"buero-destruct-buero-destruct-4","status":"publish","type":"product","link":"https:\/\/burodestruct.shop\/de\/shop\/buero-destruct-buero-destruct-4\/","title":{"rendered":"B\u00fcro Destruct &#8211; B\u00fcro Destruct 4"},"content":{"rendered":"<h2>Die Monografie \u00abB\u00fcro Destruct 4\u00bb bietet Arbeiten der Jahre 2009-2021. Exklusiv bei uns im Shop!<\/h2>\n<h4>Das vierte Buch von \u00abB\u00fcro Destruct\u00bb zeigt nicht nur die besten, realisierten Projekte der Jahre 2009-2021, sondern auch Entw\u00fcrfe, Experimente, Einfl\u00fcsse und andere \u00abHoly Moments\u00bb des Berner Grafikdesignkollektivs. \u00abHoly Shit\u00bb!<\/h4>\n<p>Das 1994 gegr\u00fcndete Kollektiv B\u00fcro Destruct gilt als Vor- und Wegbereiter des modernen Schweizer Grafik Designs. Versucht man die Qualit\u00e4ten von B\u00fcro Destruct kurz zusammenzufassen, so liegen sie wohl darin, futuristisch und digital anmutende Gestaltungsl\u00f6sungen zu schaffen, welche gleichzeitig handwerkliche Qualit\u00e4t und entspannte Cleverness sp\u00fcren lassen.<\/p>\n<p>&nbsp;<\/p>\n<p><span class=\"value\">Publisher: Slanted Publishers<br \/>\nSoftcover: 256 Seiten, viele Farbabbildungen<br \/>\nSprache: Englisch<br \/>\nJahrgang: 2021<br \/>\nISBN: <span class=\"attributes__content attributes__content--ISBN\">978-3-948440-27-5<\/span><\/span><\/p>\n","protected":false},"excerpt":{"rendered":"<h4>Das Beste aus den Jahren 2009-2021 des Grafikdesignkollektivs \u00abB\u00fcro Destruct\u00bb!<\/h4>\n","protected":false},"featured_media":210165,"comment_status":"closed","ping_status":"closed","template":"","meta":{"_acf_changed":false,"_relevanssi_hide_post":"","_relevanssi_hide_content":"","_relevanssi_pin_for_all":"","_relevanssi_pin_keywords":"","_relevanssi_unpin_keywords":"","_relevanssi_related_keywords":"","_relevanssi_related_include_ids":"","_relevanssi_related_exclude_ids":"","_relevanssi_related_no_append":"","_relevanssi_related_not_related":"","_relevanssi_related_posts":"","_relevanssi_noindex_reason":""},"product_brand":[],"product_cat":[2441,2442,2460,2453,2465],"product_tag":[2475,2451,2452,2474],"class_list":{"0":"post-210163","1":"product","2":"type-product","3":"status-publish","4":"has-post-thumbnail","6":"product_cat-buero-destruct","7":"product_cat-culture","8":"product_cat-graphic-design","9":"product_cat-paper","10":"product_cat-typography","11":"product_tag-buero-destruct","12":"product_tag-graphic-design","13":"product_tag-swiss-made","14":"product_tag-typography","16":"first","17":"instock","18":"featured","19":"taxable","20":"shipping-taxable","21":"purchasable","22":"product-type-simple"},"acf":[],"_links":{"self":[{"href":"https:\/\/burodestruct.shop\/de\/wp-json\/wp\/v2\/product\/210163","targetHints":{"allow":["GET"]}}],"collection":[{"href":"https:\/\/burodestruct.shop\/de\/wp-json\/wp\/v2\/product"}],"about":[{"href":"https:\/\/burodestruct.shop\/de\/wp-json\/wp\/v2\/types\/product"}],"replies":[{"embeddable":true,"href":"https:\/\/burodestruct.shop\/de\/wp-json\/wp\/v2\/comments?post=210163"}],"wp:featuredmedia":[{"embeddable":true,"href":"https:\/\/burodestruct.shop\/de\/wp-json\/wp\/v2\/media\/210165"}],"wp:attachment":[{"href":"https:\/\/burodestruct.shop\/de\/wp-json\/wp\/v2\/media?parent=210163"}],"wp:term":[{"taxonomy":"product_brand","embeddable":true,"href":"https:\/\/burodestruct.shop\/de\/wp-json\/wp\/v2\/product_brand?post=210163"},{"taxonomy":"product_cat","embeddable":true,"href":"https:\/\/burodestruct.shop\/de\/wp-json\/wp\/v2\/product_cat?post=210163"},{"taxonomy":"product_tag","embeddable":true,"href":"https:\/\/burodestruct.shop\/de\/wp-json\/wp\/v2\/product_tag?post=210163"}],"curies":[{"name":"wp","href":"https:\/\/api.w.org\/{rel}","templated":true}]}}