{"id":10,"date":"2017-07-11T19:04:30","date_gmt":"2017-07-11T17:04:30","guid":{"rendered":"https:\/\/burodestruct.shop\/agb\/"},"modified":"2026-04-10T16:32:20","modified_gmt":"2026-04-10T14:32:20","slug":"agb","status":"publish","type":"page","link":"https:\/\/burodestruct.shop\/de\/agb\/","title":{"rendered":"AGB"},"content":{"rendered":"<section class=\"main clear\">\n<div class=\"inner format-text clear\">\n<h1>Allgemeine Gesch\u00e4ftsbedingungen (AGB)<\/h1>\n<p><b>Kaufvertrag:<\/b><br \/>\nF\u00fcr die Gesch\u00e4ftsbeziehung zwischen dem Kunden und burodestruct.shop gelten diese allgemeinen Gesch\u00e4ftsbedingungen; unter der Ber\u00fccksichtigung der Schweizer Rechtsprechung. Mit der Bestellung erkennt der Kunde vorliegende allgemeine Gesch\u00e4ftsbedingungen an. Die Verantwortung f\u00fcr die Artikelauswahl tr\u00e4gt ausschliesslich der Kunde selbst.<\/p>\n<p><b>Versand und Preise:<\/b><br \/>\nDer Versand erfolgt in der Regel \u00fcber die Schweizer Post. Es steht uns aber frei, den Versand \u00fcber einen anderen Dienst abzuwickeln. Alle Preise verstehen sich zuz\u00fcglich Versand und eventueller Nachnahme. S\u00e4mtliche Artikel werden wenn m\u00f6glich ab Lager geliefert. Falls ein Artikel nicht an Lager ist, wird mit dem Versand zugewartet, bis die komplette Order eingetroffen ist oder er wird m\u00f6glichst rasch nachgeliefert. Wir machen nach unserem eigenen Ermessen auch Teillieferungen. Durch uns veranlasste Teillieferungen sind aber kostenlos. Verlorene Lieferungen berechtigen nicht zu einem Vertragsr\u00fccktritt, sondern werden auf unsere Kosten nochmals per Einschreiben zugestellt.<\/p>\n<p>Ist eine Lieferung an den Kunden nicht m\u00f6glich, weil der Kunde nicht unter der von ihm angegebenen Lieferadresse angetroffen wird, obwohl der Lieferzeitpunkt dem Kunden mit angemessener Frist angek\u00fcndigt wurde oder die Zustelladresse nicht korrekt angegeben wurde, tr\u00e4gt der Kunde die Kosten f\u00fcr die erfolglose Anlieferung, sowie die erneute Zustellung.<\/p>\n<p><b>Bezahlung:<\/b><br \/>\nNachdem die Buchung vorgenommen wurde, erfolgt umgehend unsere Lieferung. Bei Sendungen ins Ausland behalten wir uns beim Erstkontakt das Recht vor, eine Kopie eines Passes oder Personalausweises zu verlangen. Lieferungen gegen Rechnung erfolgen nur gegen Vorkasse. Allf\u00e4llige Unkosten f\u00fcr nicht abgeholte Lieferungen (insbesondere Nachnahmesendungen) respektive Retouren infolge unvollst\u00e4ndigen oder falschen Adressangaben werden in Rechnung gestellt.<\/p>\n<p><b>Retouren, Widerrufs- und R\u00fcckgaberecht:<\/b><br \/>\nDas nachfolgende Widerrufsrecht besteht nicht bei versiegelter Ware (Video-, Audio-, Softwaretr\u00e4ger), wenn Sie die versiegelte Verpackung \u00f6ffnen oder besch\u00e4digen. Ebenso gilt es nicht bei gewaschener Ware (Textilien). Besorgungstitel, die nach Ihrer Spezifikation f\u00fcr Sie beschafft wurden, sind vom Widerrufsrecht ebenfalls ausgeschlossen.<\/p>\n<p>Die R\u00fccknahme von Artikeln mit nachweislichen Produktionsfehlern erfolgt, sofern die M\u00e4ngel innert 10 Tagen nach Erhalt per Brief oder E-Mail mitgeteilt werden. R\u00fccksendungen ohne \u00abR\u00fccksendenummer\u00bb k\u00f6nnen nicht akzeptiert werden. Ein Umtausch oder eine R\u00fccknahme wegen \u00abNichtgefallens\u00bb sind ausgeschlossen.<\/p>\n<p><b>Hinweise zur R\u00fccksendung:<\/b><br \/>\nR\u00fccksendungen sind ordnungsgem\u00e4ss zu frankieren. Zu beachten ist: Bei unfrei verschickten Sendungen verweigern wir die Annahme. F\u00fcr Kuriersendungen und sonstige unregelm\u00e4ssige Versandarten k\u00f6nnen wir in keinem Fall Kosten \u00fcbernehmen, die \u00fcber die Postversandkosten hinausgehen. Die von uns gelieferten Waren bleiben bis zur Erf\u00fcllung unserer s\u00e4mtlichen Forderungen, gleich aus welchem Rechtsgrund, Eigentum von burodestruct.shop.\u00a0<\/p>\n<p><b>R\u00fccktritt:<\/b><br \/>\nDurch die Bestellung ist ein Kaufvertrag zustande gekommen der definitiv ist. Sofern keine l\u00e4ngerfristigen Lieferprobleme vorliegen, kann er weder abge\u00e4ndert noch storniert werden. Falls wir einer \u00c4nderung oder Stornierung dennoch zustimmen, behalten wir uns vor, eine Umtriebspauschale von CHF 30.\u2013 zu verrechnen.<\/p>\n<p><b>Haftung:<\/b><br \/>\nburodestruct.shop \u00fcbernimmt keine Haftung f\u00fcr allf\u00e4llige Sch\u00e4den, die durch die Benutzung der gekauften Produkte, insbesondere bei unsachgem\u00e4ssem, regel- und gesetzeswidrigem Gebrauch, entstehen.<\/p>\n<p><b>Datenschutz und Schlussbestimmungen:<\/b><br \/>\nWir geben keine Daten an Dritte weiter; Kundendaten werden absolut vertraulich behandelt (mehr zum Datenschutz ist in unserem \u00abImpressum\u00bb zu finden). Preis\u00e4nderungen und Irrt\u00fcmer vorbehalten.<\/p>\n<p>Gerichtsstand ist Z\u00fcrich.<\/p>\n<p>&nbsp;<\/p>\n<p>BD Productions GmbH, 2026<\/p>\n<p>&nbsp;<\/p>\n<\/div>\n<\/section>\n[gzd_complaints]\n","protected":false},"excerpt":{"rendered":"<p>Allgemeine Gesch\u00e4ftsbedingungen (AGB) Kaufvertrag: F\u00fcr die Gesch\u00e4ftsbeziehung zwischen dem Kunden und burodestruct.shop gelten diese allgemeinen Gesch\u00e4ftsbedingungen; unter der Ber\u00fccksichtigung der Schweizer Rechtsprechung. Mit der Bestellung erkennt der Kunde vorliegende allgemeine Gesch\u00e4ftsbedingungen an. Die Verantwortung f\u00fcr die Artikelauswahl tr\u00e4gt ausschliesslich der Kunde selbst. Versand und Preise: Der Versand erfolgt in der Regel \u00fcber die Schweizer Post. [&#8230;]\n","protected":false},"author":1,"featured_media":0,"parent":0,"menu_order":0,"comment_status":"closed","ping_status":"closed","template":"","meta":{"_acf_changed":false,"_relevanssi_hide_post":"","_relevanssi_hide_content":"","_relevanssi_pin_for_all":"","_relevanssi_pin_keywords":"","_relevanssi_unpin_keywords":"","_relevanssi_related_keywords":"","_relevanssi_related_include_ids":"","_relevanssi_related_exclude_ids":"","_relevanssi_related_no_append":"","_relevanssi_related_not_related":"","_relevanssi_related_posts":"","_relevanssi_noindex_reason":"","footnotes":""},"class_list":["post-10","page","type-page","status-publish","hentry"],"acf":[],"_links":{"self":[{"href":"https:\/\/burodestruct.shop\/de\/wp-json\/wp\/v2\/pages\/10","targetHints":{"allow":["GET"]}}],"collection":[{"href":"https:\/\/burodestruct.shop\/de\/wp-json\/wp\/v2\/pages"}],"about":[{"href":"https:\/\/burodestruct.shop\/de\/wp-json\/wp\/v2\/types\/page"}],"author":[{"embeddable":true,"href":"https:\/\/burodestruct.shop\/de\/wp-json\/wp\/v2\/users\/1"}],"replies":[{"embeddable":true,"href":"https:\/\/burodestruct.shop\/de\/wp-json\/wp\/v2\/comments?post=10"}],"version-history":[{"count":2,"href":"https:\/\/burodestruct.shop\/de\/wp-json\/wp\/v2\/pages\/10\/revisions"}],"predecessor-version":[{"id":210183,"href":"https:\/\/burodestruct.shop\/de\/wp-json\/wp\/v2\/pages\/10\/revisions\/210183"}],"wp:attachment":[{"href":"https:\/\/burodestruct.shop\/de\/wp-json\/wp\/v2\/media?parent=10"}],"curies":[{"name":"wp","href":"https:\/\/api.w.org\/{rel}","templated":true}]}}